{"id":181,"date":"2023-06-01T09:07:33","date_gmt":"2023-06-01T09:07:33","guid":{"rendered":"https:\/\/graficash.es\/?page_id=181"},"modified":"2025-01-20T00:39:55","modified_gmt":"2025-01-20T00:39:55","slug":"retirada-de-vinilo","status":"publish","type":"page","link":"https:\/\/graficash.es\/index.php\/rotulacion-en-madrid\/vinilado-de-vehiculos\/retirada-de-vinilo\/","title":{"rendered":"Retirada de vinilo"},"content":{"rendered":"\n<p class=\"has-drop-cap\">La <strong>retirada de vinilo<\/strong> de un veh\u00edculo es una tarea pesada que hay que hacer con cuidado para no da\u00f1ar la pintura. Si alguna vez lo has intentado, seguro que te has dado cuenta que es una tarea complicada si no se tiene la <strong>herramienta y los conocimientos necesarios<\/strong>. Lo m\u00e1s probable es que acabes da\u00f1ando la pintura de tu coche.<\/p>\n\n\n\n<div class=\"wp-block-buttons is-layout-flex wp-block-buttons-is-layout-flex\">\n<div class=\"wp-block-button\"><a class=\"wp-block-button__link wp-element-button\" href=\"https:\/\/graficash.es\/index.php\/rotulacion-en-madrid\/rotulacion-de-furgonetas-y-vehiculos-industriales\/#precios\">CUANTO CUESTA ROTULAR UNA FURGONETA <\/a><\/div>\n\n\n\n<div class=\"wp-block-button\"><a class=\"wp-block-button__link wp-element-button\" href=\"https:\/\/graficash.es\/index.php\/contacto\/#Ccontacto\">SOLICITA PRESUPUESTO<\/a><\/div>\n<\/div>\n\n\n\n<p>Cuando rotulamos un veh\u00edculo, lo hacemos con nuestra mejor intenci\u00f3n, esperando que nos sirva de apoyo en la visibilidad de nuestro negocio. Puede ser que pasado un tiempo hayamos decidido cambiar la imagen corporativa, o peor a\u00fan, que nuestro negocio se haya ido a pique. Tambi\u00e9n puede ocurrir que adquiramos un veh\u00edculo ya rotulado, y queramos retirar la publicidad de otra persona. Asimismo, es recomendable retirar los vinilos que llevan mucho tiempo puestos, ya que si exceden su \u00abcaducidad\u00bb se deterioran a un ritmo mucho m\u00e1s r\u00e1pido y pueden llegar a ocasionar da\u00f1os en la pintura del coche.<\/p>\n\n\n\n<h2 class=\"wp-block-heading\">C\u00f3mo se retira el vinilo de una furgoneta<\/h2>\n\n\n\n<p class=\"has-drop-cap\">La retirada de vinilo de una furgoneta o veh\u00edculo comercial es a priori algo sencillo. Basta con aplicar calor para ablandar el vinilo y tener mucha paciencia. A veces, sobre todo si el vinilo lleva mucho tiempo instalado, puede ser realmente costoso el retirarlo.<\/p>\n\n\n\n<p>La utilizaci\u00f3n de rasquetas o cuchillas para la retirada de vinilo de nuestro veh\u00edculo puede jugarnos una mala pasada, especialmente en las partes c\u00f3ncavas del veh\u00edculo. Para evitar ara\u00f1azos y rascones en la pintura te recomendamos que acudas siempre a un profesional para que realice el trabajo. <\/p>\n\n\n\n<h2 class=\"wp-block-heading\">Eliminar restos de adhesivo en la retirada de vinilo<\/h2>\n\n\n\n<p class=\"has-drop-cap\">Eliminar restos de adhesivo en la retirada de vinilo de un coche o furgoneta quiz\u00e1 sea la tarea mas complicada. Una vez retirado el vinilo del veh\u00edculo, suelen quedar rastros de adhesivo, a veces mucho. La cantidad de adhesivo que queda depende mucho de la calidad del material, del tiempo que llevara puesto y de la forma de retirarlo.<\/p>\n\n\n\n<p>Si no se retiran estos restos, lo que va a ocurrir es que el propio adhesivo va a hacer que se pegue el polvo y la mugre, quedando de este modo marcado el texto que tuvi\u00e9ramos puesto pero con un aspecto feo  e insalubre.<\/p>\n\n\n\n<div class=\"wp-block-media-text alignwide has-media-on-the-right is-stacked-on-mobile is-vertically-aligned-center\" style=\"grid-template-columns:auto 45%\"><div class=\"wp-block-media-text__content\">\n<h3 class=\"wp-block-heading\">Limpieza y retirada de vinilo<\/h3>\n\n\n\n<p class=\"has-text-align-left\">Aqu\u00ed podemos ver el resultado de una retirada de vinilo perfectamente realizada.. sin dejar restos de adhesivo ni marcas en la pintura.<\/p>\n<\/div><figure class=\"wp-block-media-text__media\"><img decoding=\"async\" width=\"355\" height=\"102\" src=\"https:\/\/graficash.es\/wp-content\/uploads\/2023\/06\/retirada-vinilos2.png\" alt=\"Retirada vinilo furgoneta\" class=\"wp-image-183 size-full\" srcset=\"https:\/\/graficash.es\/wp-content\/uploads\/2023\/06\/retirada-vinilos2.png 355w, https:\/\/graficash.es\/wp-content\/uploads\/2023\/06\/retirada-vinilos2-300x86.png 300w\" sizes=\"(max-width: 355px) 100vw, 355px\" \/><\/figure><\/div>\n\n\n\n<p class=\"has-drop-cap\">Para la eliminaci\u00f3n de estos restos de adhesivo empleamos productos espec\u00edficos que ablandan el pegamento y puede ser retirado con relativa facilidad.<\/p>\n\n\n\n<p>Si no retiramos estos restos de adhesivo despu\u00e9s de la retirada de vinilo, lo que va a ocurrir es que se van a cubrir de polvo y suciedad, dejando una capa de mugre en la que se puede ver perfectamente los textos que hab\u00eda rotulados.<\/p>\n\n\n\n<h2 class=\"wp-block-heading\">Al retirar el vinilo queda sombra en la pintura<\/h2>\n\n\n\n<p>La \u00absombra\u00bb en la pintura, es algo inevitable. Si lo pensamos bien, al aplicarle un vinilo al coche lo que estamos haciendo es cubrir una parte de la pintura, que no va a estar expuesta al sol ni agentes atmosf\u00e9ricos. Es decir, el vinilo act\u00faa como un protector solar. <\/p>\n\n\n\n<p>De esta forma, a l retirar la \u00abcapa protectora\u00bb la pintura que estaba cubierta permanece impoluta, mientras que el resto del veh\u00edculo ha sufrido la degradaci\u00f3n l\u00f3gica del paso del tiempo.<\/p>\n\n\n\n<h3 class=\"wp-block-heading\">C\u00f3mo eliminar la sombra de la pintura<\/h3>\n\n\n\n<p class=\"has-drop-cap\">La eliminaci\u00f3n de la sombra, a veces es complicado. En ocasiones, si el vinilo no llevaba mucho tiempo puesto basta con una limpieza exhaustiva para limpiar los bordes que es donde se acumula la suciedad. En otros casos, cuando hay diferencia de brillo entre unas partes y otras la \u00fanica soluci\u00f3n ser\u00eda un pulido de la pintura.<\/p>\n\n\n\n<div class=\"wp-block-media-text alignwide is-stacked-on-mobile\"><figure class=\"wp-block-media-text__media\"><img fetchpriority=\"high\" decoding=\"async\" width=\"424\" height=\"186\" src=\"https:\/\/graficash.es\/wp-content\/uploads\/2023\/06\/retirada-vinilos.png\" alt=\"retirada de vinilos\" class=\"wp-image-182 size-full\" srcset=\"https:\/\/graficash.es\/wp-content\/uploads\/2023\/06\/retirada-vinilos.png 424w, https:\/\/graficash.es\/wp-content\/uploads\/2023\/06\/retirada-vinilos-300x132.png 300w\" sizes=\"(max-width: 424px) 100vw, 424px\" \/><\/figure><div class=\"wp-block-media-text__content\">\n<p class=\"has-medium-font-size\">A veces, si la pintura est\u00e1 muy deteriorada, una soluci\u00f3n alternativa para eliminar la \u00absombra\u00bb que queda es fondear la superficie con un vinilo.<\/p>\n<\/div><\/div>\n\n\n\n<h2 class=\"wp-block-heading\">Cu\u00e1nto cuesta quitar los vinilos de mi coche<\/h2>\n\n\n\n<p>El precio de la retirada de vinilo de un veh\u00edculo puede variar en funci\u00f3n de algunos factores.<\/p>\n\n\n\n<ul class=\"wp-block-list\">\n<li>Superficie rotulada<\/li>\n\n\n\n<li>Antig\u00fcedad del vinilo<\/li>\n\n\n\n<li>Calidad del material<\/li>\n<\/ul>\n\n\n\n<p>Como es l\u00f3gico, cuanto m\u00e1s material haya que retirar mayor ser\u00e1 el coste&#8230; no es lo mismo retirar el vinilo de una puerta que hacer lo propio con una rotulaci\u00f3n integral&#8230; <\/p>\n\n\n\n<p>Otro factor ser\u00eda la antig\u00fcedad del vinilo, es decir, cu\u00e1nto tiempo lleva puesto en el coche. A mayor tiempo mas dif\u00edcil resulta la retirada puesto que el vinilo se vuelve m\u00e1s quebradizo.<\/p>\n\n\n\n<p class=\"has-drop-cap\">La calidad del material tambi\u00e9n afecta, ya que un vinilo de buena calidad resiste mejor el paso del tiempo y facilita la retirada. En resumen, y por dar alg\u00fan dato concreto podr\u00edamos decir que una retirada de vinilo en t\u00e9rmino medio podr\u00eda oscilar entre los 80\u20ac y los 120\u20ac, aunque lo m\u00e1s com\u00fan es facturar el trabajo por horas para no llevarnos sorpresas. <\/p>\n\n\n\n<p><\/p>\n","protected":false},"excerpt":{"rendered":"<p>La retirada de vinilo de un veh\u00edculo es una tarea pesada que hay que hacer con cuidado para no da\u00f1ar la pintura. Si alguna vez lo has intentado, seguro que te has dado cuenta que es una tarea complicada si no se tiene la herramienta y los conocimientos necesarios. Lo m\u00e1s probable es que acabes [&hellip;]<\/p>\n","protected":false},"author":1,"featured_media":0,"parent":339,"menu_order":0,"comment_status":"closed","ping_status":"closed","template":"","meta":{"_eb_attr":"","footnotes":""},"class_list":["post-181","page","type-page","status-publish","hentry"],"yoast_head":"<!-- This site is optimized with the Yoast SEO plugin v24.3 - https:\/\/yoast.com\/wordpress\/plugins\/seo\/ -->\n<title>Retirada de vinilo - Graficash<\/title>\n<meta name=\"description\" content=\"Realizamos retirada de vinilo de tus veh\u00edculos. Evita da\u00f1ar tu pintura y que te queden restos de adhesivo. Renovamos la rotulaci\u00f3n de tu flota\" \/>\n<meta name=\"robots\" content=\"index, follow, max-snippet:-1, max-image-preview:large, max-video-preview:-1\" \/>\n<link rel=\"canonical\" href=\"https:\/\/graficash.es\/index.php\/rotulacion-en-madrid\/vinilado-de-vehiculos\/retirada-de-vinilo\/\" \/>\n<meta property=\"og:locale\" content=\"es_ES\" \/>\n<meta property=\"og:type\" content=\"article\" \/>\n<meta property=\"og:title\" content=\"Retirada de vinilo - Graficash\" \/>\n<meta property=\"og:description\" content=\"Realizamos retirada de vinilo de tus veh\u00edculos. Evita da\u00f1ar tu pintura y que te queden restos de adhesivo. Renovamos la rotulaci\u00f3n de tu flota\" \/>\n<meta property=\"og:url\" content=\"https:\/\/graficash.es\/index.php\/rotulacion-en-madrid\/vinilado-de-vehiculos\/retirada-de-vinilo\/\" \/>\n<meta property=\"og:site_name\" content=\"Graficash\" \/>\n<meta property=\"article:publisher\" content=\"https:\/\/www.facebook.com\/groups\/5025826854186537\/\" \/>\n<meta property=\"article:modified_time\" content=\"2025-01-20T00:39:55+00:00\" \/>\n<meta property=\"og:image\" content=\"https:\/\/graficash.es\/wp-content\/uploads\/2023\/06\/retirada-vinilos2.png\" \/>\n\t<meta property=\"og:image:width\" content=\"355\" \/>\n\t<meta property=\"og:image:height\" content=\"102\" \/>\n\t<meta property=\"og:image:type\" content=\"image\/png\" \/>\n<meta name=\"twitter:card\" content=\"summary_large_image\" \/>\n<meta name=\"twitter:label1\" content=\"Tiempo de lectura\" \/>\n\t<meta name=\"twitter:data1\" content=\"5 minutos\" \/>\n<script type=\"application\/ld+json\" class=\"yoast-schema-graph\">{\"@context\":\"https:\/\/schema.org\",\"@graph\":[{\"@type\":\"WebPage\",\"@id\":\"https:\/\/graficash.es\/index.php\/rotulacion-en-madrid\/vinilado-de-vehiculos\/retirada-de-vinilo\/\",\"url\":\"https:\/\/graficash.es\/index.php\/rotulacion-en-madrid\/vinilado-de-vehiculos\/retirada-de-vinilo\/\",\"name\":\"Retirada de vinilo - Graficash\",\"isPartOf\":{\"@id\":\"https:\/\/graficash.es\/#website\"},\"primaryImageOfPage\":{\"@id\":\"https:\/\/graficash.es\/index.php\/rotulacion-en-madrid\/vinilado-de-vehiculos\/retirada-de-vinilo\/#primaryimage\"},\"image\":{\"@id\":\"https:\/\/graficash.es\/index.php\/rotulacion-en-madrid\/vinilado-de-vehiculos\/retirada-de-vinilo\/#primaryimage\"},\"thumbnailUrl\":\"https:\/\/graficash.es\/wp-content\/uploads\/2023\/06\/retirada-vinilos2.png\",\"datePublished\":\"2023-06-01T09:07:33+00:00\",\"dateModified\":\"2025-01-20T00:39:55+00:00\",\"description\":\"Realizamos retirada de vinilo de tus veh\u00edculos. Evita da\u00f1ar tu pintura y que te queden restos de adhesivo. Renovamos la rotulaci\u00f3n de tu flota\",\"breadcrumb\":{\"@id\":\"https:\/\/graficash.es\/index.php\/rotulacion-en-madrid\/vinilado-de-vehiculos\/retirada-de-vinilo\/#breadcrumb\"},\"inLanguage\":\"es\",\"potentialAction\":[{\"@type\":\"ReadAction\",\"target\":[\"https:\/\/graficash.es\/index.php\/rotulacion-en-madrid\/vinilado-de-vehiculos\/retirada-de-vinilo\/\"]}]},{\"@type\":\"ImageObject\",\"inLanguage\":\"es\",\"@id\":\"https:\/\/graficash.es\/index.php\/rotulacion-en-madrid\/vinilado-de-vehiculos\/retirada-de-vinilo\/#primaryimage\",\"url\":\"https:\/\/graficash.es\/wp-content\/uploads\/2023\/06\/retirada-vinilos2.png\",\"contentUrl\":\"https:\/\/graficash.es\/wp-content\/uploads\/2023\/06\/retirada-vinilos2.png\",\"width\":355,\"height\":102,\"caption\":\"Retirada sin restos\"},{\"@type\":\"BreadcrumbList\",\"@id\":\"https:\/\/graficash.es\/index.php\/rotulacion-en-madrid\/vinilado-de-vehiculos\/retirada-de-vinilo\/#breadcrumb\",\"itemListElement\":[{\"@type\":\"ListItem\",\"position\":1,\"name\":\"Portada\",\"item\":\"https:\/\/graficash.es\/\"},{\"@type\":\"ListItem\",\"position\":2,\"name\":\"Rotulaci\u00f3n en Madrid\",\"item\":\"https:\/\/graficash.es\/\"},{\"@type\":\"ListItem\",\"position\":3,\"name\":\"Vinilado de Veh\u00edculos\",\"item\":\"https:\/\/graficash.es\/index.php\/rotulacion-en-madrid\/vinilado-de-vehiculos\/\"},{\"@type\":\"ListItem\",\"position\":4,\"name\":\"Retirada de vinilo\"}]},{\"@type\":\"WebSite\",\"@id\":\"https:\/\/graficash.es\/#website\",\"url\":\"https:\/\/graficash.es\/\",\"name\":\"Graficash\",\"description\":\"Rotulaci&oacute;n en Madrid\",\"publisher\":{\"@id\":\"https:\/\/graficash.es\/#organization\"},\"potentialAction\":[{\"@type\":\"SearchAction\",\"target\":{\"@type\":\"EntryPoint\",\"urlTemplate\":\"https:\/\/graficash.es\/?s={search_term_string}\"},\"query-input\":{\"@type\":\"PropertyValueSpecification\",\"valueRequired\":true,\"valueName\":\"search_term_string\"}}],\"inLanguage\":\"es\"},{\"@type\":\"Organization\",\"@id\":\"https:\/\/graficash.es\/#organization\",\"name\":\"Graficash Rotulaci\u00f3n\",\"url\":\"https:\/\/graficash.es\/\",\"logo\":{\"@type\":\"ImageObject\",\"inLanguage\":\"es\",\"@id\":\"https:\/\/graficash.es\/#\/schema\/logo\/image\/\",\"url\":\"https:\/\/graficash.es\/wp-content\/uploads\/2023\/06\/cropped-GRAFICASH-2.png\",\"contentUrl\":\"https:\/\/graficash.es\/wp-content\/uploads\/2023\/06\/cropped-GRAFICASH-2.png\",\"width\":155,\"height\":155,\"caption\":\"Graficash Rotulaci\u00f3n\"},\"image\":{\"@id\":\"https:\/\/graficash.es\/#\/schema\/logo\/image\/\"},\"sameAs\":[\"https:\/\/www.facebook.com\/groups\/5025826854186537\/\"]}]}<\/script>\n<!-- \/ Yoast SEO plugin. -->","yoast_head_json":{"title":"Retirada de vinilo - Graficash","description":"Realizamos retirada de vinilo de tus veh\u00edculos. Evita da\u00f1ar tu pintura y que te queden restos de adhesivo. Renovamos la rotulaci\u00f3n de tu flota","robots":{"index":"index","follow":"follow","max-snippet":"max-snippet:-1","max-image-preview":"max-image-preview:large","max-video-preview":"max-video-preview:-1"},"canonical":"https:\/\/graficash.es\/index.php\/rotulacion-en-madrid\/vinilado-de-vehiculos\/retirada-de-vinilo\/","og_locale":"es_ES","og_type":"article","og_title":"Retirada de vinilo - Graficash","og_description":"Realizamos retirada de vinilo de tus veh\u00edculos. Evita da\u00f1ar tu pintura y que te queden restos de adhesivo. Renovamos la rotulaci\u00f3n de tu flota","og_url":"https:\/\/graficash.es\/index.php\/rotulacion-en-madrid\/vinilado-de-vehiculos\/retirada-de-vinilo\/","og_site_name":"Graficash","article_publisher":"https:\/\/www.facebook.com\/groups\/5025826854186537\/","article_modified_time":"2025-01-20T00:39:55+00:00","og_image":[{"width":355,"height":102,"url":"https:\/\/graficash.es\/wp-content\/uploads\/2023\/06\/retirada-vinilos2.png","type":"image\/png"}],"twitter_card":"summary_large_image","twitter_misc":{"Tiempo de lectura":"5 minutos"},"schema":{"@context":"https:\/\/schema.org","@graph":[{"@type":"WebPage","@id":"https:\/\/graficash.es\/index.php\/rotulacion-en-madrid\/vinilado-de-vehiculos\/retirada-de-vinilo\/","url":"https:\/\/graficash.es\/index.php\/rotulacion-en-madrid\/vinilado-de-vehiculos\/retirada-de-vinilo\/","name":"Retirada de vinilo - Graficash","isPartOf":{"@id":"https:\/\/graficash.es\/#website"},"primaryImageOfPage":{"@id":"https:\/\/graficash.es\/index.php\/rotulacion-en-madrid\/vinilado-de-vehiculos\/retirada-de-vinilo\/#primaryimage"},"image":{"@id":"https:\/\/graficash.es\/index.php\/rotulacion-en-madrid\/vinilado-de-vehiculos\/retirada-de-vinilo\/#primaryimage"},"thumbnailUrl":"https:\/\/graficash.es\/wp-content\/uploads\/2023\/06\/retirada-vinilos2.png","datePublished":"2023-06-01T09:07:33+00:00","dateModified":"2025-01-20T00:39:55+00:00","description":"Realizamos retirada de vinilo de tus veh\u00edculos. Evita da\u00f1ar tu pintura y que te queden restos de adhesivo. Renovamos la rotulaci\u00f3n de tu flota","breadcrumb":{"@id":"https:\/\/graficash.es\/index.php\/rotulacion-en-madrid\/vinilado-de-vehiculos\/retirada-de-vinilo\/#breadcrumb"},"inLanguage":"es","potentialAction":[{"@type":"ReadAction","target":["https:\/\/graficash.es\/index.php\/rotulacion-en-madrid\/vinilado-de-vehiculos\/retirada-de-vinilo\/"]}]},{"@type":"ImageObject","inLanguage":"es","@id":"https:\/\/graficash.es\/index.php\/rotulacion-en-madrid\/vinilado-de-vehiculos\/retirada-de-vinilo\/#primaryimage","url":"https:\/\/graficash.es\/wp-content\/uploads\/2023\/06\/retirada-vinilos2.png","contentUrl":"https:\/\/graficash.es\/wp-content\/uploads\/2023\/06\/retirada-vinilos2.png","width":355,"height":102,"caption":"Retirada sin restos"},{"@type":"BreadcrumbList","@id":"https:\/\/graficash.es\/index.php\/rotulacion-en-madrid\/vinilado-de-vehiculos\/retirada-de-vinilo\/#breadcrumb","itemListElement":[{"@type":"ListItem","position":1,"name":"Portada","item":"https:\/\/graficash.es\/"},{"@type":"ListItem","position":2,"name":"Rotulaci\u00f3n en Madrid","item":"https:\/\/graficash.es\/"},{"@type":"ListItem","position":3,"name":"Vinilado de Veh\u00edculos","item":"https:\/\/graficash.es\/index.php\/rotulacion-en-madrid\/vinilado-de-vehiculos\/"},{"@type":"ListItem","position":4,"name":"Retirada de vinilo"}]},{"@type":"WebSite","@id":"https:\/\/graficash.es\/#website","url":"https:\/\/graficash.es\/","name":"Graficash","description":"Rotulaci&oacute;n en Madrid","publisher":{"@id":"https:\/\/graficash.es\/#organization"},"potentialAction":[{"@type":"SearchAction","target":{"@type":"EntryPoint","urlTemplate":"https:\/\/graficash.es\/?s={search_term_string}"},"query-input":{"@type":"PropertyValueSpecification","valueRequired":true,"valueName":"search_term_string"}}],"inLanguage":"es"},{"@type":"Organization","@id":"https:\/\/graficash.es\/#organization","name":"Graficash Rotulaci\u00f3n","url":"https:\/\/graficash.es\/","logo":{"@type":"ImageObject","inLanguage":"es","@id":"https:\/\/graficash.es\/#\/schema\/logo\/image\/","url":"https:\/\/graficash.es\/wp-content\/uploads\/2023\/06\/cropped-GRAFICASH-2.png","contentUrl":"https:\/\/graficash.es\/wp-content\/uploads\/2023\/06\/cropped-GRAFICASH-2.png","width":155,"height":155,"caption":"Graficash Rotulaci\u00f3n"},"image":{"@id":"https:\/\/graficash.es\/#\/schema\/logo\/image\/"},"sameAs":["https:\/\/www.facebook.com\/groups\/5025826854186537\/"]}]}},"_links":{"self":[{"href":"https:\/\/graficash.es\/index.php\/wp-json\/wp\/v2\/pages\/181","targetHints":{"allow":["GET"]}}],"collection":[{"href":"https:\/\/graficash.es\/index.php\/wp-json\/wp\/v2\/pages"}],"about":[{"href":"https:\/\/graficash.es\/index.php\/wp-json\/wp\/v2\/types\/page"}],"author":[{"embeddable":true,"href":"https:\/\/graficash.es\/index.php\/wp-json\/wp\/v2\/users\/1"}],"replies":[{"embeddable":true,"href":"https:\/\/graficash.es\/index.php\/wp-json\/wp\/v2\/comments?post=181"}],"version-history":[{"count":0,"href":"https:\/\/graficash.es\/index.php\/wp-json\/wp\/v2\/pages\/181\/revisions"}],"up":[{"embeddable":true,"href":"https:\/\/graficash.es\/index.php\/wp-json\/wp\/v2\/pages\/339"}],"wp:attachment":[{"href":"https:\/\/graficash.es\/index.php\/wp-json\/wp\/v2\/media?parent=181"}],"curies":[{"name":"wp","href":"https:\/\/api.w.org\/{rel}","templated":true}]}}