{"id":409,"date":"2025-01-18T19:45:01","date_gmt":"2025-01-18T19:45:01","guid":{"rendered":"https:\/\/graficash.es\/?page_id=409"},"modified":"2025-01-31T12:13:16","modified_gmt":"2025-01-31T12:13:16","slug":"rotulos-corporeos-madrid","status":"publish","type":"page","link":"https:\/\/graficash.es\/index.php\/rotulos-corporeos-madrid\/","title":{"rendered":"ROTULOS CORPOREOS EN MADRID"},"content":{"rendered":"\n<h2 class=\"wp-block-heading\">Fabricaci\u00f3n de R\u00f3tulos Corp\u00f3reos en Madrid<\/h2>\n\n\n\n<p>En nuestra <strong>empresa de rotulaci\u00f3n en Madrid<\/strong>, contamos con una dilatada experiencia en la fabricaci\u00f3n en instalaci\u00f3n de R\u00f3tulos Corp\u00f3reos para cualquiera que sea tu negocio.<\/p>\n\n\n\n<div class=\"wp-block-media-text is-stacked-on-mobile\" style=\"grid-template-columns:52% auto\" id=\"retroiluminado\"><figure class=\"wp-block-media-text__media\"><img decoding=\"async\" width=\"192\" height=\"135\" src=\"https:\/\/graficash.es\/wp-content\/uploads\/2025\/01\/RETROILUMINADAS-1.png\" alt=\"R\u00f3tulos Corp\u00f3reos Retroiluminados\" class=\"wp-image-422 size-full\"\/><\/figure><div class=\"wp-block-media-text__content\">\n<p>Producimos nuestros <strong>R\u00f3tulos Corp\u00f3reos<\/strong> a medida de tus necesidades utilizando para su fabricaci\u00f3n equipos de vanguardia, y t\u00e9cnicas avanzadas. Con <strong>materiales de primera calidad<\/strong> para que tu imagen corporativa se vea fielmente reflejada y perdure en el tiempo.<\/p>\n<\/div><\/div>\n\n\n\n<h3 class=\"wp-block-heading\">Qu\u00e9 tipo de R\u00f3tulo elegir para mi negocio<\/h3>\n\n\n\n<p>La rotulaci\u00f3n es un campo tan extenso que dar\u00eda para escribir un libro sobre ello. Existen tantos tipos de <strong>R\u00f3tulos corp\u00f3reos o planos<\/strong> como ideas puedan surgir en tu cabeza para expresar y representar tu imagen corporativa y modelo de negocio<a href=\"https:\/\/es.wikipedia.org\/wiki\/R%C3%B3tulo\">.<\/a><\/p>\n\n\n\n<div style=\"height:100px\" aria-hidden=\"true\" class=\"wp-block-spacer\"><\/div>\n\n\n\n<div class=\"wp-block-media-text has-media-on-the-right is-stacked-on-mobile\" style=\"grid-template-columns:auto 27%\"><div class=\"wp-block-media-text__content\">\n<ul class=\"wp-block-list\">\n<li>Letras Corp\u00f3reas en <strong>PVC<\/strong><\/li>\n\n\n\n<li>Logotipos en <strong>Madera<\/strong><\/li>\n\n\n\n<li><a href=\"https:\/\/graficash.es\/index.php\/rotulos-corporeos-madrid\/bandejas-de-dibond\/\">R\u00f3tulos de <strong>Dibond<\/strong><\/a><\/li>\n\n\n\n<li>Corp\u00f3reos<strong> <a href=\"https:\/\/graficash.es\/index.php\/rotulos-corporeos-madrid\/#retroiluminado\">Retroiluminados<\/a><\/strong><\/li>\n\n\n\n<li>Caj\u00f3n de<strong> Luz<\/strong><\/li>\n\n\n\n<li>Tela Retroiluminada <strong>Backlight<\/strong><\/li>\n\n\n\n<li>Grabado de <strong>Placas<\/strong><\/li>\n\n\n\n<li>Fabricaci\u00f3n de <strong>Trofeos<\/strong><\/li>\n\n\n\n<li>Carteler\u00eda en <strong>Ne\u00f3n Flex<\/strong><\/li>\n<\/ul>\n<\/div><figure class=\"wp-block-media-text__media\"><img decoding=\"async\" width=\"135\" height=\"192\" src=\"https:\/\/graficash.es\/wp-content\/uploads\/2025\/01\/LETRA-MADERA.png\" alt=\"R\u00f3tulos corp\u00f3reos en madera\" class=\"wp-image-415 size-full\"\/><\/figure><\/div>\n\n\n\n<div class=\"wp-block-essential-blocks-button  root-eb-button-ddlkd\"><div class=\"eb-parent-wrapper eb-parent-eb-button-ddlkd \"><div class=\"eb-button-wrapper eb-button-alignment eb-button-ddlkd\"><div class=\"eb-button\"><div class=\"eb-button-inner-wrapper \"><a class=\"eb-button-anchor \" href=\"https:\/\/graficash.es\/index.php\/rotulacion-en-madrid\/vinilado-de-vehiculos\/rotulacion-de-furgonetas-y-vehiculos-industriales\/\" rel=\"noopener\">ROTULACI\u00d3N DE FURGONETAS<\/a><\/div><\/div><\/div><\/div><\/div>\n\n\n\n<p>&nbsp;Dentro de esta peque\u00f1a clasificaci\u00f3n podemos ofrecer r\u00f3tulos corp\u00f3reos con un gran abanico de opciones de creaci\u00f3n y acabados. Para dotarlos de un alto nivel de calidad y nivel est\u00e9tico utilizamos materiales de primera calidad, de este modo ser\u00e1n resistentes a las inclemencias del tiempo y al paso de los a\u00f1os.<\/p>\n\n\n\n<div class=\"wp-block-media-text is-stacked-on-mobile\" style=\"grid-template-columns:33% auto\"><figure class=\"wp-block-media-text__media\"><img decoding=\"async\" width=\"135\" height=\"192\" src=\"https:\/\/graficash.es\/wp-content\/uploads\/2025\/01\/PLACAS-DIBOND.png\" alt=\"R\u00f3tulos corp\u00f3reos de dibond\" class=\"wp-image-418 size-full\"\/><\/figure><div class=\"wp-block-media-text__content\">\n<p>El <strong>dibond<\/strong> es uno de los materiales mas utilizados porque tiene una gran durabilidad en exterior<\/p>\n\n\n\n<div class=\"wp-block-media-text is-stacked-on-mobile is-image-fill-element\" style=\"grid-template-columns:42% auto\"><figure class=\"wp-block-media-text__media\"><img loading=\"lazy\" decoding=\"async\" width=\"135\" height=\"192\" src=\"https:\/\/graficash.es\/wp-content\/uploads\/2025\/01\/LETRA-COMBINADA.png\" alt=\"letras c\u00f3rporeas en madera\" class=\"wp-image-414 size-full\" style=\"object-position:50% 50%\"\/><\/figure><div class=\"wp-block-media-text__content\">\n<p>Para conseguir resultados vistosos y originales podemos combinar distintos materiales como madera y <strong>metacrilato<\/strong> en este caso<\/p>\n<\/div><\/div>\n<\/div><\/div>\n\n\n\n<p>Utilizamos maquinas de control num\u00e9rico CNC para realizar cortes a LASER , FRESADOS Y GRABADOS&nbsp; en una gran variedad de materiales r\u00edgidos o semirr\u00edgidos, as\u00ed como maquinaria de <strong>impresi\u00f3n UVI <\/strong>de gran formato. De este modo dotamos a nuestros productos de la personalizaci\u00f3n m\u00e1s adecuada y duradera, y plasmar fielmente la identidad corporativa de su empresa.<\/p>\n\n\n\n<p>Nos encargamos de todo el proceso de <strong>producci\u00f3n<\/strong>, desde el <strong>dise\u00f1o<\/strong> hasta la <strong>instalaci\u00f3n <\/strong>de los <strong>r\u00f3tulos<\/strong>. Producimos desde peque\u00f1as placas identificativas hasta enormes creaciones. Tambi\u00e9n podemos adecuar, <strong>renovar o modificar r\u00f3tulos<\/strong> existentes que necesiten de estos procesos de mantenimiento para que as\u00ed te salga m\u00e1s econ\u00f3mico.<\/p>\n\n\n\n<p>Trabajamos tanto para empresas y particulares como para <strong>PROFESIONALES DEL SECTOR<\/strong>. Ofrecemos servicios de producci\u00f3n a precios reducidos, as\u00ed que, si eres rotulista s\u00f3lo tendr\u00e1s que ocuparte del montaje.<\/p>\n\n\n\n<p>De esta forma podr\u00edamos clasificar los R\u00f3tulos en dos grandes grupos:<\/p>\n\n\n\n<div style=\"height:100px\" aria-hidden=\"true\" class=\"wp-block-spacer\"><\/div>\n\n\n\n<h2 class=\"wp-block-heading\">R\u00d3TULOS CORP\u00d3REOS PARA INTERIOR<\/h2>\n\n\n\n<p>Los r\u00f3tulos para interior son mucho m\u00e1s duraderos, ya que no  se ven expuestos a las inclemencias del tiempo. Por este motivo, el abanico de posibilidades en cuanto a materiales es mucho mayor. As\u00ed, podr\u00edamos decir que para interiores se podr\u00eda utilizar cualquier material.<\/p>\n\n\n\n<h2 class=\"wp-block-heading\">R\u00d3TULOS PARA EXTERIOR<\/h2>\n\n\n\n<p>Cuando montamos r\u00f3tulos corp\u00f3reos o planos en exterior debemos tener en cuenta las condiciones climatol\u00f3gicas. Por este motivo debemos utilizar materiales m\u00e1s resistentes al sol y al agua. Para que los r\u00f3tulos aguanten intactos durante mucho tiempo debemos utilizar los materiales m\u00e1s adecuados en cada caso.<\/p>\n\n\n\n<p><\/p>\n","protected":false},"excerpt":{"rendered":"<p>Fabricaci\u00f3n de R\u00f3tulos Corp\u00f3reos en Madrid En nuestra empresa de rotulaci\u00f3n en Madrid, contamos con una dilatada experiencia en la fabricaci\u00f3n en instalaci\u00f3n de R\u00f3tulos Corp\u00f3reos para cualquiera que sea tu negocio. Producimos nuestros R\u00f3tulos Corp\u00f3reos a medida de tus necesidades utilizando para su fabricaci\u00f3n equipos de vanguardia, y t\u00e9cnicas avanzadas. Con materiales de primera [&hellip;]<\/p>\n","protected":false},"author":1,"featured_media":421,"parent":0,"menu_order":0,"comment_status":"closed","ping_status":"closed","template":"","meta":{"_eb_attr":"","footnotes":""},"class_list":["post-409","page","type-page","status-publish","has-post-thumbnail","hentry"],"yoast_head":"<!-- This site is optimized with the Yoast SEO plugin v24.3 - https:\/\/yoast.com\/wordpress\/plugins\/seo\/ -->\n<title>ROTULOS CORPOREOS EN MADRID - Graficash<\/title>\n<meta name=\"description\" content=\"Fabricaci\u00f3n e instalaci\u00f3n de r\u00f3tulos corp\u00f3reos en Madrid. Soluciones integrales de comunicaci\u00f3n visual para tu negocio a precio justo\" \/>\n<meta name=\"robots\" content=\"index, follow, max-snippet:-1, max-image-preview:large, max-video-preview:-1\" \/>\n<link rel=\"canonical\" href=\"https:\/\/graficash.es\/index.php\/rotulos-corporeos-madrid\/\" \/>\n<meta property=\"og:locale\" content=\"es_ES\" \/>\n<meta property=\"og:type\" content=\"article\" \/>\n<meta property=\"og:title\" content=\"ROTULOS CORPOREOS EN MADRID - Graficash\" \/>\n<meta property=\"og:description\" content=\"Fabricaci\u00f3n e instalaci\u00f3n de r\u00f3tulos corp\u00f3reos en Madrid. Soluciones integrales de comunicaci\u00f3n visual para tu negocio a precio justo\" \/>\n<meta property=\"og:url\" content=\"https:\/\/graficash.es\/index.php\/rotulos-corporeos-madrid\/\" \/>\n<meta property=\"og:site_name\" content=\"Graficash\" \/>\n<meta property=\"article:publisher\" content=\"https:\/\/www.facebook.com\/groups\/5025826854186537\/\" \/>\n<meta property=\"article:modified_time\" content=\"2025-01-31T12:13:16+00:00\" \/>\n<meta property=\"og:image\" content=\"https:\/\/graficash.es\/wp-content\/uploads\/2025\/01\/THE-BOSS.png\" \/>\n\t<meta property=\"og:image:width\" content=\"192\" \/>\n\t<meta property=\"og:image:height\" content=\"135\" \/>\n\t<meta property=\"og:image:type\" content=\"image\/png\" \/>\n<meta name=\"twitter:card\" content=\"summary_large_image\" \/>\n<meta name=\"twitter:label1\" content=\"Tiempo de lectura\" \/>\n\t<meta name=\"twitter:data1\" content=\"4 minutos\" \/>\n<script type=\"application\/ld+json\" class=\"yoast-schema-graph\">{\"@context\":\"https:\/\/schema.org\",\"@graph\":[{\"@type\":\"WebPage\",\"@id\":\"https:\/\/graficash.es\/index.php\/rotulos-corporeos-madrid\/\",\"url\":\"https:\/\/graficash.es\/index.php\/rotulos-corporeos-madrid\/\",\"name\":\"ROTULOS CORPOREOS EN MADRID - Graficash\",\"isPartOf\":{\"@id\":\"https:\/\/graficash.es\/#website\"},\"primaryImageOfPage\":{\"@id\":\"https:\/\/graficash.es\/index.php\/rotulos-corporeos-madrid\/#primaryimage\"},\"image\":{\"@id\":\"https:\/\/graficash.es\/index.php\/rotulos-corporeos-madrid\/#primaryimage\"},\"thumbnailUrl\":\"https:\/\/graficash.es\/wp-content\/uploads\/2025\/01\/THE-BOSS.png\",\"datePublished\":\"2025-01-18T19:45:01+00:00\",\"dateModified\":\"2025-01-31T12:13:16+00:00\",\"description\":\"Fabricaci\u00f3n e instalaci\u00f3n de r\u00f3tulos corp\u00f3reos en Madrid. Soluciones integrales de comunicaci\u00f3n visual para tu negocio a precio justo\",\"breadcrumb\":{\"@id\":\"https:\/\/graficash.es\/index.php\/rotulos-corporeos-madrid\/#breadcrumb\"},\"inLanguage\":\"es\",\"potentialAction\":[{\"@type\":\"ReadAction\",\"target\":[\"https:\/\/graficash.es\/index.php\/rotulos-corporeos-madrid\/\"]}]},{\"@type\":\"ImageObject\",\"inLanguage\":\"es\",\"@id\":\"https:\/\/graficash.es\/index.php\/rotulos-corporeos-madrid\/#primaryimage\",\"url\":\"https:\/\/graficash.es\/wp-content\/uploads\/2025\/01\/THE-BOSS.png\",\"contentUrl\":\"https:\/\/graficash.es\/wp-content\/uploads\/2025\/01\/THE-BOSS.png\",\"width\":192,\"height\":135,\"caption\":\"pvc fresado\"},{\"@type\":\"BreadcrumbList\",\"@id\":\"https:\/\/graficash.es\/index.php\/rotulos-corporeos-madrid\/#breadcrumb\",\"itemListElement\":[{\"@type\":\"ListItem\",\"position\":1,\"name\":\"Portada\",\"item\":\"https:\/\/graficash.es\/\"},{\"@type\":\"ListItem\",\"position\":2,\"name\":\"ROTULOS CORPOREOS EN MADRID\"}]},{\"@type\":\"WebSite\",\"@id\":\"https:\/\/graficash.es\/#website\",\"url\":\"https:\/\/graficash.es\/\",\"name\":\"Graficash\",\"description\":\"Rotulaci&oacute;n en Madrid\",\"publisher\":{\"@id\":\"https:\/\/graficash.es\/#organization\"},\"potentialAction\":[{\"@type\":\"SearchAction\",\"target\":{\"@type\":\"EntryPoint\",\"urlTemplate\":\"https:\/\/graficash.es\/?s={search_term_string}\"},\"query-input\":{\"@type\":\"PropertyValueSpecification\",\"valueRequired\":true,\"valueName\":\"search_term_string\"}}],\"inLanguage\":\"es\"},{\"@type\":\"Organization\",\"@id\":\"https:\/\/graficash.es\/#organization\",\"name\":\"Graficash Rotulaci\u00f3n\",\"url\":\"https:\/\/graficash.es\/\",\"logo\":{\"@type\":\"ImageObject\",\"inLanguage\":\"es\",\"@id\":\"https:\/\/graficash.es\/#\/schema\/logo\/image\/\",\"url\":\"https:\/\/graficash.es\/wp-content\/uploads\/2023\/06\/cropped-GRAFICASH-2.png\",\"contentUrl\":\"https:\/\/graficash.es\/wp-content\/uploads\/2023\/06\/cropped-GRAFICASH-2.png\",\"width\":155,\"height\":155,\"caption\":\"Graficash Rotulaci\u00f3n\"},\"image\":{\"@id\":\"https:\/\/graficash.es\/#\/schema\/logo\/image\/\"},\"sameAs\":[\"https:\/\/www.facebook.com\/groups\/5025826854186537\/\"]}]}<\/script>\n<!-- \/ Yoast SEO plugin. -->","yoast_head_json":{"title":"ROTULOS CORPOREOS EN MADRID - Graficash","description":"Fabricaci\u00f3n e instalaci\u00f3n de r\u00f3tulos corp\u00f3reos en Madrid. Soluciones integrales de comunicaci\u00f3n visual para tu negocio a precio justo","robots":{"index":"index","follow":"follow","max-snippet":"max-snippet:-1","max-image-preview":"max-image-preview:large","max-video-preview":"max-video-preview:-1"},"canonical":"https:\/\/graficash.es\/index.php\/rotulos-corporeos-madrid\/","og_locale":"es_ES","og_type":"article","og_title":"ROTULOS CORPOREOS EN MADRID - Graficash","og_description":"Fabricaci\u00f3n e instalaci\u00f3n de r\u00f3tulos corp\u00f3reos en Madrid. Soluciones integrales de comunicaci\u00f3n visual para tu negocio a precio justo","og_url":"https:\/\/graficash.es\/index.php\/rotulos-corporeos-madrid\/","og_site_name":"Graficash","article_publisher":"https:\/\/www.facebook.com\/groups\/5025826854186537\/","article_modified_time":"2025-01-31T12:13:16+00:00","og_image":[{"width":192,"height":135,"url":"https:\/\/graficash.es\/wp-content\/uploads\/2025\/01\/THE-BOSS.png","type":"image\/png"}],"twitter_card":"summary_large_image","twitter_misc":{"Tiempo de lectura":"4 minutos"},"schema":{"@context":"https:\/\/schema.org","@graph":[{"@type":"WebPage","@id":"https:\/\/graficash.es\/index.php\/rotulos-corporeos-madrid\/","url":"https:\/\/graficash.es\/index.php\/rotulos-corporeos-madrid\/","name":"ROTULOS CORPOREOS EN MADRID - Graficash","isPartOf":{"@id":"https:\/\/graficash.es\/#website"},"primaryImageOfPage":{"@id":"https:\/\/graficash.es\/index.php\/rotulos-corporeos-madrid\/#primaryimage"},"image":{"@id":"https:\/\/graficash.es\/index.php\/rotulos-corporeos-madrid\/#primaryimage"},"thumbnailUrl":"https:\/\/graficash.es\/wp-content\/uploads\/2025\/01\/THE-BOSS.png","datePublished":"2025-01-18T19:45:01+00:00","dateModified":"2025-01-31T12:13:16+00:00","description":"Fabricaci\u00f3n e instalaci\u00f3n de r\u00f3tulos corp\u00f3reos en Madrid. Soluciones integrales de comunicaci\u00f3n visual para tu negocio a precio justo","breadcrumb":{"@id":"https:\/\/graficash.es\/index.php\/rotulos-corporeos-madrid\/#breadcrumb"},"inLanguage":"es","potentialAction":[{"@type":"ReadAction","target":["https:\/\/graficash.es\/index.php\/rotulos-corporeos-madrid\/"]}]},{"@type":"ImageObject","inLanguage":"es","@id":"https:\/\/graficash.es\/index.php\/rotulos-corporeos-madrid\/#primaryimage","url":"https:\/\/graficash.es\/wp-content\/uploads\/2025\/01\/THE-BOSS.png","contentUrl":"https:\/\/graficash.es\/wp-content\/uploads\/2025\/01\/THE-BOSS.png","width":192,"height":135,"caption":"pvc fresado"},{"@type":"BreadcrumbList","@id":"https:\/\/graficash.es\/index.php\/rotulos-corporeos-madrid\/#breadcrumb","itemListElement":[{"@type":"ListItem","position":1,"name":"Portada","item":"https:\/\/graficash.es\/"},{"@type":"ListItem","position":2,"name":"ROTULOS CORPOREOS EN MADRID"}]},{"@type":"WebSite","@id":"https:\/\/graficash.es\/#website","url":"https:\/\/graficash.es\/","name":"Graficash","description":"Rotulaci&oacute;n en Madrid","publisher":{"@id":"https:\/\/graficash.es\/#organization"},"potentialAction":[{"@type":"SearchAction","target":{"@type":"EntryPoint","urlTemplate":"https:\/\/graficash.es\/?s={search_term_string}"},"query-input":{"@type":"PropertyValueSpecification","valueRequired":true,"valueName":"search_term_string"}}],"inLanguage":"es"},{"@type":"Organization","@id":"https:\/\/graficash.es\/#organization","name":"Graficash Rotulaci\u00f3n","url":"https:\/\/graficash.es\/","logo":{"@type":"ImageObject","inLanguage":"es","@id":"https:\/\/graficash.es\/#\/schema\/logo\/image\/","url":"https:\/\/graficash.es\/wp-content\/uploads\/2023\/06\/cropped-GRAFICASH-2.png","contentUrl":"https:\/\/graficash.es\/wp-content\/uploads\/2023\/06\/cropped-GRAFICASH-2.png","width":155,"height":155,"caption":"Graficash Rotulaci\u00f3n"},"image":{"@id":"https:\/\/graficash.es\/#\/schema\/logo\/image\/"},"sameAs":["https:\/\/www.facebook.com\/groups\/5025826854186537\/"]}]}},"_links":{"self":[{"href":"https:\/\/graficash.es\/index.php\/wp-json\/wp\/v2\/pages\/409","targetHints":{"allow":["GET"]}}],"collection":[{"href":"https:\/\/graficash.es\/index.php\/wp-json\/wp\/v2\/pages"}],"about":[{"href":"https:\/\/graficash.es\/index.php\/wp-json\/wp\/v2\/types\/page"}],"author":[{"embeddable":true,"href":"https:\/\/graficash.es\/index.php\/wp-json\/wp\/v2\/users\/1"}],"replies":[{"embeddable":true,"href":"https:\/\/graficash.es\/index.php\/wp-json\/wp\/v2\/comments?post=409"}],"version-history":[{"count":1,"href":"https:\/\/graficash.es\/index.php\/wp-json\/wp\/v2\/pages\/409\/revisions"}],"predecessor-version":[{"id":685,"href":"https:\/\/graficash.es\/index.php\/wp-json\/wp\/v2\/pages\/409\/revisions\/685"}],"wp:featuredmedia":[{"embeddable":true,"href":"https:\/\/graficash.es\/index.php\/wp-json\/wp\/v2\/media\/421"}],"wp:attachment":[{"href":"https:\/\/graficash.es\/index.php\/wp-json\/wp\/v2\/media?parent=409"}],"curies":[{"name":"wp","href":"https:\/\/api.w.org\/{rel}","templated":true}]}}