{"id":5,"date":"2023-02-23T12:01:52","date_gmt":"2023-02-23T12:01:52","guid":{"rendered":"https:\/\/graficash.es\/?page_id=5"},"modified":"2025-01-31T12:24:18","modified_gmt":"2025-01-31T12:24:18","slug":"rotulacion-en-madrid","status":"publish","type":"page","link":"https:\/\/graficash.es\/","title":{"rendered":"Rotulaci\u00f3n en Madrid"},"content":{"rendered":"\n<p>Graficash. <strong>Empresa de Rotulaci\u00f3n en Madrid<\/strong>. Realizamos todo tipo de trabajos en el \u00e1mbito de las <strong>Artes Gr\u00e1ficas<\/strong>. Con una dilatada experiencia en el sector ofrecemos<strong> soluciones integrales<\/strong> para la <strong>comunicaci\u00f3n visual<\/strong>.<\/p>\n\n\n<div class=\"wp-block-image\">\n<figure class=\"alignright size-thumbnail\"><img decoding=\"async\" width=\"150\" height=\"150\" src=\"https:\/\/graficash.es\/wp-content\/uploads\/2025\/01\/cartel-madera-150x150.png\" alt=\"rotulos en madrid\" class=\"wp-image-654\"\/><\/figure>\n<\/div>\n\n\n<p class=\"has-text-align-left\">Nuestro prop\u00f3sito es la conseguir la plena satisfacci\u00f3n de nuestros clientes, por eso ponemos todo el empe\u00f1o en la realizaci\u00f3n de los trabajos.<\/p>\n\n\n\n<h2 class=\"wp-block-heading\"><a href=\"https:\/\/graficash.es\/index.php\/rotulacion-en-madrid\/vinilado-de-vehiculos\/\" rel=\"nofollow\">Rotulaci\u00f3n de veh\u00edculos<\/a><\/h2>\n\n\n\n<p class=\"has-text-align-left\">Somos <strong>especialistas en la rotulaci\u00f3n de veh\u00edculos<\/strong>. Podemos realizar los trabajos a domicilio siempre que tengas un lugar para realizar el trabajo.<\/p>\n\n\n\n<p>Utilizamos vinilos de primera calidad, para que el resultado de tu rotulaci\u00f3n luzca bien por muchos a\u00f1os.<\/p>\n\n\n\n<div class=\"wp-block-essential-blocks-button  root-eb-button-t893yb7\"><div class=\"eb-parent-wrapper eb-parent-eb-button-t893yb7 \"><div class=\"eb-button-wrapper eb-button-alignment eb-button-t893yb7\"><div class=\"eb-button\"><div class=\"eb-button-inner-wrapper \"><a class=\"eb-button-anchor \" href=\"https:\/\/graficash.es\/index.php\/contacto\/\" rel=\"noopener\">CONTACTA CON NOSOTROS<\/a><\/div><\/div><\/div><\/div><\/div>\n\n\n\n<div class=\"wp-block-essential-blocks-button  root-eb-button-buqy0\"><div class=\"eb-parent-wrapper eb-parent-eb-button-buqy0 \"><div class=\"eb-button-wrapper eb-button-alignment eb-button-buqy0\"><div class=\"eb-button\"><div class=\"eb-button-inner-wrapper \"><a class=\"eb-button-anchor \" href=\"https:\/\/graficash.es\/index.php\/rotulacion-en-madrid\/vinilado-de-vehiculos\/rotulacion-de-furgonetas-y-vehiculos-industriales\/#preciosrotulacion\" rel=\"noopener\">PRECIOS ROTULACI\u00d3N<\/a><\/div><\/div><\/div><\/div><\/div>\n\n\n\n<h3 class=\"wp-block-heading\">C\u00f3mo puedo solicitar trabajos de rotulaci\u00f3n en Madrid<\/h3>\n\n\n\n<p>Para solicitar cualquier tipo de trabajo de rotulaci\u00f3n o presupuesto ponte en contacto con nosotros  y resolveremos tus dudas.<\/p>\n\n\n\n<p>Estamos siempre disponibles en el<strong> tlf: 640771045<\/strong> puedes llamarnos o enviar whatsapp y solemos atender al instante.<\/p>\n\n\n\n<p>Tambi\u00e9n puedes enviarnos un <a href=\"https:\/\/graficash.es\/index.php\/contacto\/\">formulario de contacto<\/a> para que nosotros te contestemos. De este modo podr\u00e1s enviarnos la informaci\u00f3n m\u00e1s detallada. <\/p>\n\n\n<div class=\"wp-block-image\">\n<figure class=\"alignleft\"><img fetchpriority=\"high\" decoding=\"async\" width=\"285\" height=\"283\" src=\"https:\/\/graficash.es\/wp-content\/uploads\/2025\/01\/alumbrado-flotas.png\" alt=\"Rotulaci\u00f3n flota de furgonetas y veh\u00edculos industriales\" class=\"wp-image-510\" srcset=\"https:\/\/graficash.es\/wp-content\/uploads\/2025\/01\/alumbrado-flotas.png 285w, https:\/\/graficash.es\/wp-content\/uploads\/2025\/01\/alumbrado-flotas-150x150.png 150w\" sizes=\"(max-width: 285px) 100vw, 285px\" \/><\/figure>\n<\/div>\n\n\n<h2 class=\"wp-block-heading\">ROTULACION DE FLOTAS EN MADRID<\/h2>\n\n\n\n<p class=\"has-text-align-left\">Si tienes varios veh\u00edculos en tu empresa, y quieres que te los rotulemos podr\u00e1s conseguir precios realmente competitivos.<\/p>\n\n\n\n<p>Consulta nuestras tarifas para <strong>Rotulaci\u00f3n de Flotas en Madrid.<\/strong><\/p>\n\n\n\n<h2 class=\"wp-block-heading\">Rotulaci\u00f3n de exteriores en Madrid<\/h2>\n\n\n<div class=\"wp-block-image\">\n<figure class=\"alignright size-thumbnail is-resized\"><img decoding=\"async\" width=\"150\" height=\"135\" src=\"https:\/\/graficash.es\/wp-content\/uploads\/2025\/01\/VITO-150x135.png\" alt=\"rotulaci\u00f3n de veh\u00edculos madrid\" class=\"wp-image-463\" style=\"width:341px;height:auto\"\/><\/figure>\n<\/div>\n\n\n<p class=\"has-text-align-left\">Del mismo modo, si tienes un local o nave y quieres dejar registrada la identidad de marca podemos instalar un r\u00f3tulo o lona donde tus clientes podr\u00e1n identificar tu negocio.<\/p>\n\n\n\n<p>Los materiales m\u00e1s utilizados para la instalaci\u00f3n de r\u00f3tulos en exterior son:<\/p>\n\n\n\n<ul class=\"wp-block-list\">\n<li>Metacrilato<\/li>\n\n\n\n<li><a href=\"https:\/\/graficash.es\/index.php\/rotulos-corporeos-madrid\/letras-corporeas-en-pvc\/\">Pvc espumado (Forex)<\/a><\/li>\n\n\n\n<li><a href=\"https:\/\/graficash.es\/index.php\/rotulos-corporeos-madrid\/bandejas-de-dibond\/\">Dibond<\/a><\/li>\n\n\n\n<li>Aluminio<\/li>\n<\/ul>\n\n\n\n<p class=\"has-text-align-left\">Para la rotulaci\u00f3n en exteriores utilizamos vinilos de la m\u00e1s alta calidad, y aconsejamos aplicar un laminado para proteger a\u00fan m\u00e1s de los efectos del clima as\u00ed como de los productos de limpieza que podamos utilizar para dar lustre a nuestro cartel.<\/p>\n\n\n\n<h2 class=\"wp-block-heading\">R\u00f3tulos Luminosos<\/h2>\n\n\n\n<p class=\"has-text-align-left\">Los r\u00f3tulos luminosos son mucho m\u00e1s visibles para la gente. De esta forma dotamos de gran visibilidad a nuestro negocio y atraemos la atenci\u00f3n de los clientes potenciales aun cuando es de noche.<\/p>\n\n\n\n<p>Cuenta con nosotros para cualquier trabajo de rotulaci\u00f3n en Madrid<\/p>\n\n\n\n<h2 class=\"wp-block-heading\">CARTELER\u00cdA INTERIOR rotulaci\u00f3n en Madrid<\/h2>\n\n\n<div class=\"wp-block-image\">\n<figure class=\"alignleft size-thumbnail is-resized\"><img loading=\"lazy\" decoding=\"async\" width=\"150\" height=\"135\" src=\"https:\/\/graficash.es\/wp-content\/uploads\/2025\/01\/RETROILUMINADAS-1-150x135.png\" alt=\"corporeas pvc retroiluminadaas\" class=\"wp-image-422\" style=\"width:244px;height:auto\"\/><figcaption class=\"wp-element-caption\">Letras Corp\u00f3reas Retroiluminadas<\/figcaption><\/figure>\n<\/div>\n\n\n<p class=\"has-text-align-left\">Son muchos los usos que podemos dar a la carteler\u00eda interior, asi como las t\u00e9cnicas y los acabados. Podemos utilizar este tipo de carteler\u00eda para decorar nuestro negocio o simplemente como mero elemento decorativo en nuestro domicilio.<\/p>\n\n\n\n<p>Puedes ampliar informaci\u00f3n en nuestra secci\u00f3n de <a href=\"https:\/\/graficash.es\/index.php\/rotulos-corporeos-madrid\/\">R\u00f3tulos Corp\u00f3reos<\/a>, donde detallamos el sinf\u00edn de posibilidades que podemos adoptar con esta clase de elementos de Rotulaci\u00f3n.<\/p>\n\n\n\n<h2 class=\"wp-block-heading\"><a href=\"https:\/\/graficash.es\/index.php\/camisetas-personalizadas\/\">IMPRESION TEXTIL<\/a><\/h2>\n\n\n\n<p class=\"has-text-align-left\">Camisetas, polos, sudaderas y toda clase de prendas para que puedas marcar con tu logotipo o dise\u00f1o.<\/p>\n\n\n\n<p class=\"has-text-align-left\">Realizamos desde impresiones sencillas hasta los dise\u00f1os m\u00e1s coloridos en impresi\u00f3n digital.<\/p>\n\n\n\n<h2 class=\"wp-block-heading\"><a href=\"#\">Vestuario Laboral<\/a><\/h2>\n\n\n\n<p class=\"has-text-align-left\">Contamos tambi\u00e9n con un amplio cat\u00e1logo de prendas <strong>laborales<\/strong>, prendas de seguridad y <strong>alta visibilidad<\/strong> para que puedas vestir a tus empleados. Todo ello totalmente personalizable con tu logotipo o imagen corporativa.<\/p>\n\n\n\n<p>Puedes ver nuestro cat\u00e1logo reducido con prendas seleccionadas y contrastadas. Incluimos impresi\u00f3n a todo color en <strong>DTF textil<\/strong> en todas las prendas si as\u00ed lo deseas.<\/p>\n\n\n\n<h2 class=\"wp-block-heading\">SELLOS DE CAUCHO urgentes<\/h2>\n\n\n\n<p class=\"has-text-align-left\">Contamos con tecnolog\u00eda para producir tus sellos de caucho <strong>en el mismo d\u00eda<\/strong>. Podemos hacer entrega a domicilio si as\u00ed lo necesitas.<\/p>\n\n\n\n<ul class=\"wp-block-list\">\n<li>SELLOS MANUALES<\/li>\n\n\n\n<li>SELLOS AUTOM\u00c1TICOS<\/li>\n\n\n\n<li>FECHADORES<\/li>\n\n\n\n<li>NUMERADORES<\/li>\n\n\n\n<li>EXLIBRIS<\/li>\n\n\n\n<li><\/li>\n<\/ul>\n","protected":false},"excerpt":{"rendered":"<p>Graficash. Empresa de Rotulaci\u00f3n en Madrid. Realizamos todo tipo de trabajos en el \u00e1mbito de las Artes Gr\u00e1ficas. Con una dilatada experiencia en el sector ofrecemos soluciones integrales para la comunicaci\u00f3n visual. Nuestro prop\u00f3sito es la conseguir la plena satisfacci\u00f3n de nuestros clientes, por eso ponemos todo el empe\u00f1o en la realizaci\u00f3n de los trabajos. [&hellip;]<\/p>\n","protected":false},"author":1,"featured_media":0,"parent":0,"menu_order":0,"comment_status":"closed","ping_status":"closed","template":"","meta":{"_eb_attr":"","footnotes":""},"class_list":["post-5","page","type-page","status-publish","hentry"],"yoast_head":"<!-- This site is optimized with the Yoast SEO plugin v24.3 - https:\/\/yoast.com\/wordpress\/plugins\/seo\/ -->\n<title>Rotulaci\u00f3n en Madrid - Graficash<\/title>\n<meta name=\"description\" content=\"Graficash, tu empresa de Rotulaci\u00f3n en Madrid. Rotulaci\u00f3n de Veh\u00edculos a Domicilio. Preparamos el dise\u00f1o para tu publicidad tlf:640771045\" \/>\n<meta name=\"robots\" content=\"index, follow, max-snippet:-1, max-image-preview:large, max-video-preview:-1\" \/>\n<link rel=\"canonical\" href=\"https:\/\/graficash.es\/\" \/>\n<meta property=\"og:locale\" content=\"es_ES\" \/>\n<meta property=\"og:type\" content=\"article\" \/>\n<meta property=\"og:title\" content=\"Rotulaci&oacute;n en Madrid\" \/>\n<meta property=\"og:description\" content=\"Graficash\" \/>\n<meta property=\"og:url\" content=\"https:\/\/graficash.es\/\" \/>\n<meta property=\"og:site_name\" content=\"Graficash\" \/>\n<meta property=\"article:publisher\" content=\"https:\/\/www.facebook.com\/groups\/5025826854186537\/\" \/>\n<meta property=\"article:modified_time\" content=\"2025-01-31T12:24:18+00:00\" \/>\n<meta property=\"og:image\" content=\"https:\/\/graficash.es\/wp-content\/uploads\/2023\/02\/cropped-LOGO-1.png\" \/>\n\t<meta property=\"og:image:width\" content=\"512\" \/>\n\t<meta property=\"og:image:height\" content=\"512\" \/>\n\t<meta property=\"og:image:type\" content=\"image\/png\" \/>\n<meta name=\"twitter:card\" content=\"summary_large_image\" \/>\n<meta name=\"twitter:label1\" content=\"Tiempo de lectura\" \/>\n\t<meta name=\"twitter:data1\" content=\"4 minutos\" \/>\n<script type=\"application\/ld+json\" class=\"yoast-schema-graph\">{\"@context\":\"https:\/\/schema.org\",\"@graph\":[{\"@type\":\"WebPage\",\"@id\":\"https:\/\/graficash.es\/\",\"url\":\"https:\/\/graficash.es\/\",\"name\":\"Rotulaci\u00f3n en Madrid - Graficash\",\"isPartOf\":{\"@id\":\"https:\/\/graficash.es\/#website\"},\"primaryImageOfPage\":{\"@id\":\"https:\/\/graficash.es\/#primaryimage\"},\"image\":{\"@id\":\"https:\/\/graficash.es\/#primaryimage\"},\"thumbnailUrl\":\"https:\/\/graficash.es\/wp-content\/uploads\/2025\/01\/cartel-madera-150x150.png\",\"datePublished\":\"2023-02-23T12:01:52+00:00\",\"dateModified\":\"2025-01-31T12:24:18+00:00\",\"description\":\"Graficash, tu empresa de Rotulaci\u00f3n en Madrid. Rotulaci\u00f3n de Veh\u00edculos a Domicilio. Preparamos el dise\u00f1o para tu publicidad tlf:640771045\",\"breadcrumb\":{\"@id\":\"https:\/\/graficash.es\/#breadcrumb\"},\"inLanguage\":\"es\",\"potentialAction\":[{\"@type\":\"ReadAction\",\"target\":[\"https:\/\/graficash.es\/\"]}]},{\"@type\":\"ImageObject\",\"inLanguage\":\"es\",\"@id\":\"https:\/\/graficash.es\/#primaryimage\",\"url\":\"https:\/\/graficash.es\/wp-content\/uploads\/2025\/01\/cartel-madera.png\",\"contentUrl\":\"https:\/\/graficash.es\/wp-content\/uploads\/2025\/01\/cartel-madera.png\",\"width\":178,\"height\":244,\"caption\":\"rotulos en madrid\"},{\"@type\":\"BreadcrumbList\",\"@id\":\"https:\/\/graficash.es\/#breadcrumb\",\"itemListElement\":[{\"@type\":\"ListItem\",\"position\":1,\"name\":\"Portada\",\"item\":\"https:\/\/graficash.es\/\"},{\"@type\":\"ListItem\",\"position\":2,\"name\":\"Rotulaci\u00f3n en Madrid\"}]},{\"@type\":\"WebSite\",\"@id\":\"https:\/\/graficash.es\/#website\",\"url\":\"https:\/\/graficash.es\/\",\"name\":\"Graficash\",\"description\":\"Rotulaci&oacute;n en Madrid\",\"publisher\":{\"@id\":\"https:\/\/graficash.es\/#organization\"},\"potentialAction\":[{\"@type\":\"SearchAction\",\"target\":{\"@type\":\"EntryPoint\",\"urlTemplate\":\"https:\/\/graficash.es\/?s={search_term_string}\"},\"query-input\":{\"@type\":\"PropertyValueSpecification\",\"valueRequired\":true,\"valueName\":\"search_term_string\"}}],\"inLanguage\":\"es\"},{\"@type\":\"Organization\",\"@id\":\"https:\/\/graficash.es\/#organization\",\"name\":\"Graficash Rotulaci\u00f3n\",\"url\":\"https:\/\/graficash.es\/\",\"logo\":{\"@type\":\"ImageObject\",\"inLanguage\":\"es\",\"@id\":\"https:\/\/graficash.es\/#\/schema\/logo\/image\/\",\"url\":\"https:\/\/graficash.es\/wp-content\/uploads\/2023\/06\/cropped-GRAFICASH-2.png\",\"contentUrl\":\"https:\/\/graficash.es\/wp-content\/uploads\/2023\/06\/cropped-GRAFICASH-2.png\",\"width\":155,\"height\":155,\"caption\":\"Graficash Rotulaci\u00f3n\"},\"image\":{\"@id\":\"https:\/\/graficash.es\/#\/schema\/logo\/image\/\"},\"sameAs\":[\"https:\/\/www.facebook.com\/groups\/5025826854186537\/\"]}]}<\/script>\n<!-- \/ Yoast SEO plugin. -->","yoast_head_json":{"title":"Rotulaci\u00f3n en Madrid - Graficash","description":"Graficash, tu empresa de Rotulaci\u00f3n en Madrid. Rotulaci\u00f3n de Veh\u00edculos a Domicilio. Preparamos el dise\u00f1o para tu publicidad tlf:640771045","robots":{"index":"index","follow":"follow","max-snippet":"max-snippet:-1","max-image-preview":"max-image-preview:large","max-video-preview":"max-video-preview:-1"},"canonical":"https:\/\/graficash.es\/","og_locale":"es_ES","og_type":"article","og_title":"Rotulaci&oacute;n en Madrid","og_description":"Graficash","og_url":"https:\/\/graficash.es\/","og_site_name":"Graficash","article_publisher":"https:\/\/www.facebook.com\/groups\/5025826854186537\/","article_modified_time":"2025-01-31T12:24:18+00:00","og_image":[{"width":512,"height":512,"url":"https:\/\/graficash.es\/wp-content\/uploads\/2023\/02\/cropped-LOGO-1.png","type":"image\/png"}],"twitter_card":"summary_large_image","twitter_misc":{"Tiempo de lectura":"4 minutos"},"schema":{"@context":"https:\/\/schema.org","@graph":[{"@type":"WebPage","@id":"https:\/\/graficash.es\/","url":"https:\/\/graficash.es\/","name":"Rotulaci\u00f3n en Madrid - Graficash","isPartOf":{"@id":"https:\/\/graficash.es\/#website"},"primaryImageOfPage":{"@id":"https:\/\/graficash.es\/#primaryimage"},"image":{"@id":"https:\/\/graficash.es\/#primaryimage"},"thumbnailUrl":"https:\/\/graficash.es\/wp-content\/uploads\/2025\/01\/cartel-madera-150x150.png","datePublished":"2023-02-23T12:01:52+00:00","dateModified":"2025-01-31T12:24:18+00:00","description":"Graficash, tu empresa de Rotulaci\u00f3n en Madrid. Rotulaci\u00f3n de Veh\u00edculos a Domicilio. Preparamos el dise\u00f1o para tu publicidad tlf:640771045","breadcrumb":{"@id":"https:\/\/graficash.es\/#breadcrumb"},"inLanguage":"es","potentialAction":[{"@type":"ReadAction","target":["https:\/\/graficash.es\/"]}]},{"@type":"ImageObject","inLanguage":"es","@id":"https:\/\/graficash.es\/#primaryimage","url":"https:\/\/graficash.es\/wp-content\/uploads\/2025\/01\/cartel-madera.png","contentUrl":"https:\/\/graficash.es\/wp-content\/uploads\/2025\/01\/cartel-madera.png","width":178,"height":244,"caption":"rotulos en madrid"},{"@type":"BreadcrumbList","@id":"https:\/\/graficash.es\/#breadcrumb","itemListElement":[{"@type":"ListItem","position":1,"name":"Portada","item":"https:\/\/graficash.es\/"},{"@type":"ListItem","position":2,"name":"Rotulaci\u00f3n en Madrid"}]},{"@type":"WebSite","@id":"https:\/\/graficash.es\/#website","url":"https:\/\/graficash.es\/","name":"Graficash","description":"Rotulaci&oacute;n en Madrid","publisher":{"@id":"https:\/\/graficash.es\/#organization"},"potentialAction":[{"@type":"SearchAction","target":{"@type":"EntryPoint","urlTemplate":"https:\/\/graficash.es\/?s={search_term_string}"},"query-input":{"@type":"PropertyValueSpecification","valueRequired":true,"valueName":"search_term_string"}}],"inLanguage":"es"},{"@type":"Organization","@id":"https:\/\/graficash.es\/#organization","name":"Graficash Rotulaci\u00f3n","url":"https:\/\/graficash.es\/","logo":{"@type":"ImageObject","inLanguage":"es","@id":"https:\/\/graficash.es\/#\/schema\/logo\/image\/","url":"https:\/\/graficash.es\/wp-content\/uploads\/2023\/06\/cropped-GRAFICASH-2.png","contentUrl":"https:\/\/graficash.es\/wp-content\/uploads\/2023\/06\/cropped-GRAFICASH-2.png","width":155,"height":155,"caption":"Graficash Rotulaci\u00f3n"},"image":{"@id":"https:\/\/graficash.es\/#\/schema\/logo\/image\/"},"sameAs":["https:\/\/www.facebook.com\/groups\/5025826854186537\/"]}]}},"_links":{"self":[{"href":"https:\/\/graficash.es\/index.php\/wp-json\/wp\/v2\/pages\/5","targetHints":{"allow":["GET"]}}],"collection":[{"href":"https:\/\/graficash.es\/index.php\/wp-json\/wp\/v2\/pages"}],"about":[{"href":"https:\/\/graficash.es\/index.php\/wp-json\/wp\/v2\/types\/page"}],"author":[{"embeddable":true,"href":"https:\/\/graficash.es\/index.php\/wp-json\/wp\/v2\/users\/1"}],"replies":[{"embeddable":true,"href":"https:\/\/graficash.es\/index.php\/wp-json\/wp\/v2\/comments?post=5"}],"version-history":[{"count":4,"href":"https:\/\/graficash.es\/index.php\/wp-json\/wp\/v2\/pages\/5\/revisions"}],"predecessor-version":[{"id":690,"href":"https:\/\/graficash.es\/index.php\/wp-json\/wp\/v2\/pages\/5\/revisions\/690"}],"wp:attachment":[{"href":"https:\/\/graficash.es\/index.php\/wp-json\/wp\/v2\/media?parent=5"}],"curies":[{"name":"wp","href":"https:\/\/api.w.org\/{rel}","templated":true}]}}