{"id":595,"date":"2025-01-26T14:18:24","date_gmt":"2025-01-26T14:18:24","guid":{"rendered":"https:\/\/graficash.es\/?page_id=595"},"modified":"2025-01-27T19:07:12","modified_gmt":"2025-01-27T19:07:12","slug":"bandejas-de-dibond","status":"publish","type":"page","link":"https:\/\/graficash.es\/index.php\/rotulos-corporeos-madrid\/bandejas-de-dibond\/","title":{"rendered":"Bandejas de Dibond"},"content":{"rendered":"\n<div style=\"height:30px\" aria-hidden=\"true\" class=\"wp-block-spacer\"><\/div>\n\n\n\n<p class=\"has-drop-cap\">El dibond es un material muy vers\u00e1til por su composici\u00f3n. Se trata de un panel sandwich compuesto por una fina capa exterior de aluminio de 0,2-0,3mm y un n\u00facleo interno de pvc con el que podemos fabricar las bandejas de dibond. Esta estructura le confiere unas caracter\u00edsticas muy adecuadas para todo tipo de ubicaciones. <\/p>\n\n\n\n<p>Con un bajo peso y un coste reducido hacen que sea uno de los materiales m\u00e1s utilizados en la rotulaci\u00f3n en general.<\/p>\n\n\n<div class=\"wp-block-image\">\n<figure class=\"alignright size-full\"><img fetchpriority=\"high\" decoding=\"async\" width=\"400\" height=\"294\" src=\"https:\/\/graficash.es\/wp-content\/uploads\/2025\/01\/plegado-de-dibond-e1737898948482.png\" alt=\"como se pliega el dibond\" class=\"wp-image-597\"\/><\/figure>\n<\/div>\n\n\n<p>Con \u00e9l podemos producir carteles planos o tambi\u00e9n podemos plegarlo para conformar \u00abbandejas\u00bb, que har\u00e1n que el r\u00f3tulo tome cuerpo y presencia.<\/p>\n\n\n\n<h2 class=\"wp-block-heading\">COMO SE PLIEGA EL DIBOND<\/h2>\n\n\n<div class=\"wp-block-image\">\n<figure class=\"alignleft size-full\"><img decoding=\"async\" width=\"180\" height=\"180\" src=\"https:\/\/graficash.es\/wp-content\/uploads\/2025\/01\/FRESADO-DIBOND-e1737898931639.png\" alt=\"fresado de dibond con CNC\" class=\"wp-image-596\"\/><\/figure>\n<\/div>\n\n\n<p class=\"has-drop-cap\">Para plegar las bandejas de dibond, debemos tener una fresadora CNC. Con ella practicaremos unas hendiduras en la superficie trasera para que el material permita doblarlo con facilidad. Es una tarea sencilla, aunque no exenta de riesgo de echar a perder la pieza si \u00e9sta se mueve durante el mecanizado o por alguna causa nos excedemos en d\u00e9cimas de mil\u00edmetro en la profundidad.<\/p>\n\n\n\n<h3 class=\"wp-block-heading has-text-align-right\">Bandejas con pliegue simple<\/h3>\n\n\n\n<p class=\"has-text-align-right\">Se pueden hacer dos tipos de bandeja. Las de un s\u00f3lo pliegue son muy adecuadas para montar sobre bastidor o sobre alg\u00fan elemento existente. De esta forma podemos renovar r\u00f3tulos antiguos y darles una nueva vida por poco dinero.<\/p>\n\n\n\n<h3 class=\"wp-block-heading\">Bandejas cerradas con doble pliegue<\/h3>\n\n\n\n<p>Otra forma de construir bandejas es haci\u00e9ndoles un doble pliegue, de esta forma conformamos una unidad s\u00f3lida e independiente con muchas posibilidades de personalizaci\u00f3n y montaje.<\/p>\n\n\n\n<h2 class=\"wp-block-heading has-text-align-right\">ROTULOS EN BANDEJA DE DIBOND CALADA<\/h2>\n\n\n\n<p class=\"has-text-align-right\">Adem\u00e1s del plegado, podemos realizar cortes en la superficie para representar textos o logotipos. De esta forma el dise\u00f1o que apliquemos queda calado en el material y podemos emplear m\u00f3dulos LED para retroiluminarlo.<\/p>\n\n\n\n<p class=\"has-text-align-right\">Conseguimos as\u00ed una carteler\u00eda de una excelente presencia con muchas posibilidades de finalizaci\u00f3n con acabados exclusivos. <\/p>\n\n\n\n<h2 class=\"wp-block-heading\">ROTULOS DE DIBOND EN FACHADA<\/h2>\n\n\n\n<p class=\"has-drop-cap\">Para cubrir grandes superficies podemos concatenar planchas o bandejas de dibond. De esta forma conseguimos cubrir grandes superficies.<\/p>\n\n\n<div class=\"wp-block-image\">\n<figure class=\"alignright size-full\"><img decoding=\"async\" width=\"369\" height=\"227\" src=\"https:\/\/graficash.es\/wp-content\/uploads\/2025\/01\/exterior.png\" alt=\"Rotulacion en exterior\" class=\"wp-image-474\" srcset=\"https:\/\/graficash.es\/wp-content\/uploads\/2025\/01\/exterior.png 369w, https:\/\/graficash.es\/wp-content\/uploads\/2025\/01\/exterior-300x185.png 300w\" sizes=\"(max-width: 369px) 100vw, 369px\" \/><\/figure>\n<\/div>\n\n<div class=\"wp-block-image\">\n<figure class=\"aligncenter size-full is-resized\"><img loading=\"lazy\" decoding=\"async\" width=\"400\" height=\"283\" src=\"https:\/\/graficash.es\/wp-content\/uploads\/2025\/01\/bandeja-dibond-ams.png\" alt=\"bandeja de dibond\" class=\"wp-image-614\" style=\"width:323px;height:auto\" srcset=\"https:\/\/graficash.es\/wp-content\/uploads\/2025\/01\/bandeja-dibond-ams.png 400w, https:\/\/graficash.es\/wp-content\/uploads\/2025\/01\/bandeja-dibond-ams-300x212.png 300w\" sizes=\"(max-width: 400px) 100vw, 400px\" \/><\/figure>\n<\/div>\n\n\n<p><\/p>\n","protected":false},"excerpt":{"rendered":"<p>El dibond es un material muy vers\u00e1til por su composici\u00f3n. Se trata de un panel sandwich compuesto por una fina capa exterior de aluminio de 0,2-0,3mm y un n\u00facleo interno de pvc con el que podemos fabricar las bandejas de dibond. Esta estructura le confiere unas caracter\u00edsticas muy adecuadas para todo tipo de ubicaciones. Con [&hellip;]<\/p>\n","protected":false},"author":1,"featured_media":413,"parent":409,"menu_order":0,"comment_status":"closed","ping_status":"closed","template":"","meta":{"_eb_attr":"","footnotes":""},"class_list":["post-595","page","type-page","status-publish","has-post-thumbnail","hentry"],"yoast_head":"<!-- This site is optimized with the Yoast SEO plugin v24.3 - https:\/\/yoast.com\/wordpress\/plugins\/seo\/ -->\n<title>Bandejas de Dibond - Graficash<\/title>\n<meta name=\"description\" content=\"Creamos bandejas de dibond caladas y retroiluminadas para tu negocio. Un r\u00f3tulo elegante a la par de funcional.\" \/>\n<meta name=\"robots\" content=\"index, follow, max-snippet:-1, max-image-preview:large, max-video-preview:-1\" \/>\n<link rel=\"canonical\" href=\"https:\/\/graficash.es\/index.php\/rotulos-corporeos-madrid\/bandejas-de-dibond\/\" \/>\n<meta property=\"og:locale\" content=\"es_ES\" \/>\n<meta property=\"og:type\" content=\"article\" \/>\n<meta property=\"og:title\" content=\"Bandejas de Dibond - Graficash\" \/>\n<meta property=\"og:description\" content=\"Creamos bandejas de dibond caladas y retroiluminadas para tu negocio. Un r\u00f3tulo elegante a la par de funcional.\" \/>\n<meta property=\"og:url\" content=\"https:\/\/graficash.es\/index.php\/rotulos-corporeos-madrid\/bandejas-de-dibond\/\" \/>\n<meta property=\"og:site_name\" content=\"Graficash\" \/>\n<meta property=\"article:publisher\" content=\"https:\/\/www.facebook.com\/groups\/5025826854186537\/\" \/>\n<meta property=\"article:modified_time\" content=\"2025-01-27T19:07:12+00:00\" \/>\n<meta property=\"og:image\" content=\"https:\/\/graficash.es\/wp-content\/uploads\/2025\/01\/BANDEJA-CALADA.png\" \/>\n\t<meta property=\"og:image:width\" content=\"192\" \/>\n\t<meta property=\"og:image:height\" content=\"135\" \/>\n\t<meta property=\"og:image:type\" content=\"image\/png\" \/>\n<meta name=\"twitter:card\" content=\"summary_large_image\" \/>\n<meta name=\"twitter:label1\" content=\"Tiempo de lectura\" \/>\n\t<meta name=\"twitter:data1\" content=\"3 minutos\" \/>\n<script type=\"application\/ld+json\" class=\"yoast-schema-graph\">{\"@context\":\"https:\/\/schema.org\",\"@graph\":[{\"@type\":\"WebPage\",\"@id\":\"https:\/\/graficash.es\/index.php\/rotulos-corporeos-madrid\/bandejas-de-dibond\/\",\"url\":\"https:\/\/graficash.es\/index.php\/rotulos-corporeos-madrid\/bandejas-de-dibond\/\",\"name\":\"Bandejas de Dibond - Graficash\",\"isPartOf\":{\"@id\":\"https:\/\/graficash.es\/#website\"},\"primaryImageOfPage\":{\"@id\":\"https:\/\/graficash.es\/index.php\/rotulos-corporeos-madrid\/bandejas-de-dibond\/#primaryimage\"},\"image\":{\"@id\":\"https:\/\/graficash.es\/index.php\/rotulos-corporeos-madrid\/bandejas-de-dibond\/#primaryimage\"},\"thumbnailUrl\":\"https:\/\/graficash.es\/wp-content\/uploads\/2025\/01\/BANDEJA-CALADA.png\",\"datePublished\":\"2025-01-26T14:18:24+00:00\",\"dateModified\":\"2025-01-27T19:07:12+00:00\",\"description\":\"Creamos bandejas de dibond caladas y retroiluminadas para tu negocio. Un r\u00f3tulo elegante a la par de funcional.\",\"breadcrumb\":{\"@id\":\"https:\/\/graficash.es\/index.php\/rotulos-corporeos-madrid\/bandejas-de-dibond\/#breadcrumb\"},\"inLanguage\":\"es\",\"potentialAction\":[{\"@type\":\"ReadAction\",\"target\":[\"https:\/\/graficash.es\/index.php\/rotulos-corporeos-madrid\/bandejas-de-dibond\/\"]}]},{\"@type\":\"ImageObject\",\"inLanguage\":\"es\",\"@id\":\"https:\/\/graficash.es\/index.php\/rotulos-corporeos-madrid\/bandejas-de-dibond\/#primaryimage\",\"url\":\"https:\/\/graficash.es\/wp-content\/uploads\/2025\/01\/BANDEJA-CALADA.png\",\"contentUrl\":\"https:\/\/graficash.es\/wp-content\/uploads\/2025\/01\/BANDEJA-CALADA.png\",\"width\":192,\"height\":135,\"caption\":\"bandeja de dibond calada\"},{\"@type\":\"BreadcrumbList\",\"@id\":\"https:\/\/graficash.es\/index.php\/rotulos-corporeos-madrid\/bandejas-de-dibond\/#breadcrumb\",\"itemListElement\":[{\"@type\":\"ListItem\",\"position\":1,\"name\":\"Portada\",\"item\":\"https:\/\/graficash.es\/\"},{\"@type\":\"ListItem\",\"position\":2,\"name\":\"ROTULOS CORPOREOS EN MADRID\",\"item\":\"https:\/\/graficash.es\/index.php\/rotulos-corporeos-madrid\/\"},{\"@type\":\"ListItem\",\"position\":3,\"name\":\"Bandejas de Dibond\"}]},{\"@type\":\"WebSite\",\"@id\":\"https:\/\/graficash.es\/#website\",\"url\":\"https:\/\/graficash.es\/\",\"name\":\"Graficash\",\"description\":\"Rotulaci&oacute;n en Madrid\",\"publisher\":{\"@id\":\"https:\/\/graficash.es\/#organization\"},\"potentialAction\":[{\"@type\":\"SearchAction\",\"target\":{\"@type\":\"EntryPoint\",\"urlTemplate\":\"https:\/\/graficash.es\/?s={search_term_string}\"},\"query-input\":{\"@type\":\"PropertyValueSpecification\",\"valueRequired\":true,\"valueName\":\"search_term_string\"}}],\"inLanguage\":\"es\"},{\"@type\":\"Organization\",\"@id\":\"https:\/\/graficash.es\/#organization\",\"name\":\"Graficash Rotulaci\u00f3n\",\"url\":\"https:\/\/graficash.es\/\",\"logo\":{\"@type\":\"ImageObject\",\"inLanguage\":\"es\",\"@id\":\"https:\/\/graficash.es\/#\/schema\/logo\/image\/\",\"url\":\"https:\/\/graficash.es\/wp-content\/uploads\/2023\/06\/cropped-GRAFICASH-2.png\",\"contentUrl\":\"https:\/\/graficash.es\/wp-content\/uploads\/2023\/06\/cropped-GRAFICASH-2.png\",\"width\":155,\"height\":155,\"caption\":\"Graficash Rotulaci\u00f3n\"},\"image\":{\"@id\":\"https:\/\/graficash.es\/#\/schema\/logo\/image\/\"},\"sameAs\":[\"https:\/\/www.facebook.com\/groups\/5025826854186537\/\"]}]}<\/script>\n<!-- \/ Yoast SEO plugin. -->","yoast_head_json":{"title":"Bandejas de Dibond - Graficash","description":"Creamos bandejas de dibond caladas y retroiluminadas para tu negocio. Un r\u00f3tulo elegante a la par de funcional.","robots":{"index":"index","follow":"follow","max-snippet":"max-snippet:-1","max-image-preview":"max-image-preview:large","max-video-preview":"max-video-preview:-1"},"canonical":"https:\/\/graficash.es\/index.php\/rotulos-corporeos-madrid\/bandejas-de-dibond\/","og_locale":"es_ES","og_type":"article","og_title":"Bandejas de Dibond - Graficash","og_description":"Creamos bandejas de dibond caladas y retroiluminadas para tu negocio. Un r\u00f3tulo elegante a la par de funcional.","og_url":"https:\/\/graficash.es\/index.php\/rotulos-corporeos-madrid\/bandejas-de-dibond\/","og_site_name":"Graficash","article_publisher":"https:\/\/www.facebook.com\/groups\/5025826854186537\/","article_modified_time":"2025-01-27T19:07:12+00:00","og_image":[{"width":192,"height":135,"url":"https:\/\/graficash.es\/wp-content\/uploads\/2025\/01\/BANDEJA-CALADA.png","type":"image\/png"}],"twitter_card":"summary_large_image","twitter_misc":{"Tiempo de lectura":"3 minutos"},"schema":{"@context":"https:\/\/schema.org","@graph":[{"@type":"WebPage","@id":"https:\/\/graficash.es\/index.php\/rotulos-corporeos-madrid\/bandejas-de-dibond\/","url":"https:\/\/graficash.es\/index.php\/rotulos-corporeos-madrid\/bandejas-de-dibond\/","name":"Bandejas de Dibond - Graficash","isPartOf":{"@id":"https:\/\/graficash.es\/#website"},"primaryImageOfPage":{"@id":"https:\/\/graficash.es\/index.php\/rotulos-corporeos-madrid\/bandejas-de-dibond\/#primaryimage"},"image":{"@id":"https:\/\/graficash.es\/index.php\/rotulos-corporeos-madrid\/bandejas-de-dibond\/#primaryimage"},"thumbnailUrl":"https:\/\/graficash.es\/wp-content\/uploads\/2025\/01\/BANDEJA-CALADA.png","datePublished":"2025-01-26T14:18:24+00:00","dateModified":"2025-01-27T19:07:12+00:00","description":"Creamos bandejas de dibond caladas y retroiluminadas para tu negocio. Un r\u00f3tulo elegante a la par de funcional.","breadcrumb":{"@id":"https:\/\/graficash.es\/index.php\/rotulos-corporeos-madrid\/bandejas-de-dibond\/#breadcrumb"},"inLanguage":"es","potentialAction":[{"@type":"ReadAction","target":["https:\/\/graficash.es\/index.php\/rotulos-corporeos-madrid\/bandejas-de-dibond\/"]}]},{"@type":"ImageObject","inLanguage":"es","@id":"https:\/\/graficash.es\/index.php\/rotulos-corporeos-madrid\/bandejas-de-dibond\/#primaryimage","url":"https:\/\/graficash.es\/wp-content\/uploads\/2025\/01\/BANDEJA-CALADA.png","contentUrl":"https:\/\/graficash.es\/wp-content\/uploads\/2025\/01\/BANDEJA-CALADA.png","width":192,"height":135,"caption":"bandeja de dibond calada"},{"@type":"BreadcrumbList","@id":"https:\/\/graficash.es\/index.php\/rotulos-corporeos-madrid\/bandejas-de-dibond\/#breadcrumb","itemListElement":[{"@type":"ListItem","position":1,"name":"Portada","item":"https:\/\/graficash.es\/"},{"@type":"ListItem","position":2,"name":"ROTULOS CORPOREOS EN MADRID","item":"https:\/\/graficash.es\/index.php\/rotulos-corporeos-madrid\/"},{"@type":"ListItem","position":3,"name":"Bandejas de Dibond"}]},{"@type":"WebSite","@id":"https:\/\/graficash.es\/#website","url":"https:\/\/graficash.es\/","name":"Graficash","description":"Rotulaci&oacute;n en Madrid","publisher":{"@id":"https:\/\/graficash.es\/#organization"},"potentialAction":[{"@type":"SearchAction","target":{"@type":"EntryPoint","urlTemplate":"https:\/\/graficash.es\/?s={search_term_string}"},"query-input":{"@type":"PropertyValueSpecification","valueRequired":true,"valueName":"search_term_string"}}],"inLanguage":"es"},{"@type":"Organization","@id":"https:\/\/graficash.es\/#organization","name":"Graficash Rotulaci\u00f3n","url":"https:\/\/graficash.es\/","logo":{"@type":"ImageObject","inLanguage":"es","@id":"https:\/\/graficash.es\/#\/schema\/logo\/image\/","url":"https:\/\/graficash.es\/wp-content\/uploads\/2023\/06\/cropped-GRAFICASH-2.png","contentUrl":"https:\/\/graficash.es\/wp-content\/uploads\/2023\/06\/cropped-GRAFICASH-2.png","width":155,"height":155,"caption":"Graficash Rotulaci\u00f3n"},"image":{"@id":"https:\/\/graficash.es\/#\/schema\/logo\/image\/"},"sameAs":["https:\/\/www.facebook.com\/groups\/5025826854186537\/"]}]}},"_links":{"self":[{"href":"https:\/\/graficash.es\/index.php\/wp-json\/wp\/v2\/pages\/595","targetHints":{"allow":["GET"]}}],"collection":[{"href":"https:\/\/graficash.es\/index.php\/wp-json\/wp\/v2\/pages"}],"about":[{"href":"https:\/\/graficash.es\/index.php\/wp-json\/wp\/v2\/types\/page"}],"author":[{"embeddable":true,"href":"https:\/\/graficash.es\/index.php\/wp-json\/wp\/v2\/users\/1"}],"replies":[{"embeddable":true,"href":"https:\/\/graficash.es\/index.php\/wp-json\/wp\/v2\/comments?post=595"}],"version-history":[{"count":0,"href":"https:\/\/graficash.es\/index.php\/wp-json\/wp\/v2\/pages\/595\/revisions"}],"up":[{"embeddable":true,"href":"https:\/\/graficash.es\/index.php\/wp-json\/wp\/v2\/pages\/409"}],"wp:featuredmedia":[{"embeddable":true,"href":"https:\/\/graficash.es\/index.php\/wp-json\/wp\/v2\/media\/413"}],"wp:attachment":[{"href":"https:\/\/graficash.es\/index.php\/wp-json\/wp\/v2\/media?parent=595"}],"curies":[{"name":"wp","href":"https:\/\/api.w.org\/{rel}","templated":true}]}}