{"id":610,"date":"2025-01-27T17:47:45","date_gmt":"2025-01-27T17:47:45","guid":{"rendered":"https:\/\/graficash.es\/?page_id=610"},"modified":"2025-01-27T18:09:00","modified_gmt":"2025-01-27T18:09:00","slug":"letras-corporeas-en-pvc","status":"publish","type":"page","link":"https:\/\/graficash.es\/index.php\/rotulos-corporeos-madrid\/letras-corporeas-en-pvc\/","title":{"rendered":"LETRAS CORPOREAS EN PVC"},"content":{"rendered":"\n<div style=\"height:39px\" aria-hidden=\"true\" class=\"wp-block-spacer\"><\/div>\n\n\n<div class=\"wp-block-image\">\n<figure class=\"alignleft size-full is-resized\"><img fetchpriority=\"high\" decoding=\"async\" width=\"222\" height=\"283\" src=\"https:\/\/graficash.es\/wp-content\/uploads\/2025\/01\/love-gatos.png\" alt=\"cartel love gatos\" class=\"wp-image-615\" style=\"width:107px;height:auto\"\/><\/figure>\n<\/div>\n\n\n<p class=\"has-drop-cap\">El PVC espumado o <strong>Forex<\/strong>, es un magn\u00edfico aliado. Con el podemos crear letras corp\u00f3reas en PVC as\u00ed como multitud de elementos para la rotulaci\u00f3n. <\/p>\n\n\n\n<p>Se pueden fabricar gran cantidad de elementos para decoraci\u00f3n, indicativos o mera publicidad utilizando el PVC o combin\u00e1ndolo con otros materiales como madera, metacrilato o dibond. El PVC montado sobre <strong><a href=\"https:\/\/graficash.es\/index.php\/rotulos-corporeos-madrid\/bandejas-de-dibond\/\">bandejas de dibond<\/a><\/strong> es una magn\u00edfica elecci\u00f3n.<\/p>\n\n\n\n<h2 class=\"wp-block-heading\">R\u00f3tulos en PVC para tu negocio<\/h2>\n\n\n\n<p>Como dec\u00edamos, el PVC es un material muy utilizado en rotulaci\u00f3n. Es un material pl\u00e1stico que aguanta muy bien a la intemperie, por lo que es ideal para r\u00f3tulos en fachada. Est\u00e1 disponible en diversos grosores, desde 3 hasta 30mm, aunque con superposici\u00f3n podemos producir letras y logotipos corp\u00f3reos mucho m\u00e1s gruesos. <\/p>\n\n\n\n<p>La lista de acabados es interminable, y podemos combinarlo con otros materiales para dotarlos de iluminaci\u00f3n ya sea frontal o trasera. Tambi\u00e9n podemos montarlos sobre separadores para que de un aspecto y volumen mucho m\u00e1s elegante.<\/p>\n\n\n\n<h2 class=\"wp-block-heading has-text-align-right\">Letras en PVC iluminadas<\/h2>\n\n\n<div class=\"wp-block-image\">\n<figure class=\"alignleft size-full\"><img decoding=\"async\" width=\"300\" height=\"212\" src=\"https:\/\/graficash.es\/wp-content\/uploads\/2025\/01\/pvc-retroiluminado-e1737998389394.png\" alt=\"letras pvc con luz\" class=\"wp-image-613\"\/><\/figure>\n<\/div>\n\n\n<p class=\"has-drop-cap has-background\" style=\"background-color:#ededed\">Un recurso muy utilizado en los r\u00f3tulos corp\u00f3reos tanto para interior como en exteriores es la iluminaci\u00f3n mediante m\u00f3dulos o tiras de led. Conseguimos un efecto casi hipn\u00f3tico que destila la combinaci\u00f3n de luz difusa y sombra. Podemos conseguir diferentes efectos variando la posici\u00f3n o separaci\u00f3n de las letras a la pared.<\/p>\n\n\n\n<h3 class=\"wp-block-heading has-text-align-right\">INSTALACI\u00d3N DE LETRAS CORP\u00d3REAS<\/h3>\n\n\n\n<div class=\"wp-block-essential-blocks-button  root-eb-button-ihacr\"><div class=\"eb-parent-wrapper eb-parent-eb-button-ihacr \"><div class=\"eb-button-wrapper eb-button-alignment eb-button-ihacr\"><div class=\"eb-button\"><div class=\"eb-button-inner-wrapper \"><a class=\"eb-button-anchor \" href=\"https:\/\/graficash.es\/index.php\/contacto\/#contacto\" rel=\"noopener\">PIDE INFORMACION!<\/a><\/div><\/div><\/div><\/div><\/div>\n\n\n\n<p class=\"has-drop-cap has-text-align-left\">Existen diversas t\u00e9cnicas para la colocaci\u00f3n e <strong>instalaci\u00f3n de r\u00f3tulos<\/strong>. Las letras corp\u00f3reas en PVC tienen un plus de complicaci\u00f3n, ya que al ir colocadas una a una debemos utilizar una <strong>plantilla<\/strong>. De esta forma conseguimos mantener la l\u00ednea o forma del logotipo, para que queden todas las piezas parejas y no distorsionemos el dise\u00f1o. <\/p>\n\n\n<div class=\"wp-block-image\">\n<figure class=\"alignright size-full is-resized\"><img decoding=\"async\" width=\"200\" height=\"255\" src=\"https:\/\/graficash.es\/wp-content\/uploads\/2025\/01\/plantilla-e1737999576974.png\" alt=\"plantilla para corporeas\" class=\"wp-image-618\" style=\"width:338px;height:auto\"\/><\/figure>\n<\/div>\n\n\n<h3 class=\"wp-block-heading\">Plantillas para pintar<\/h3>\n\n\n\n<p class=\"has-cyan-bluish-gray-background-color has-background\">Estas plantillas que usamos para colocar las letras en su sitio, bien pudieran valer como m\u00e1scaras para pintar textos en paredes y suelos.<\/p>\n\n\n\n<p class=\"has-cyan-bluish-gray-background-color has-background\">Podemos fabricar plantillas en diversos materiales<\/p>\n\n\n\n<ul class=\"wp-block-list\">\n<li class=\"has-vivid-red-color has-text-color has-link-color wp-elements-bcd9bca5cc7af9fd25bf6bf31d823add\">PVC<\/li>\n\n\n\n<li class=\"has-vivid-red-color has-text-color has-link-color wp-elements-588e1993bbe8b200959385f9a058d134\">Madera<\/li>\n\n\n\n<li class=\"has-vivid-red-color has-text-color has-link-color wp-elements-763163bc0dcb0d493d09c463b57c7307\">Metacrilato<\/li>\n\n\n\n<li class=\"has-vivid-red-color has-text-color has-link-color wp-elements-4189ea9df5b6b36884782af4c9474da1\"><a href=\"https:\/\/graficash.es\/index.php\/rotulos-corporeos-madrid\/bandejas-de-dibond\/\">Dibond<\/a><\/li>\n\n\n\n<li class=\"has-vivid-red-color has-text-color has-link-color wp-elements-d1ea01b4268266e69e5eef74ff62edb2\">Cart\u00f3n<\/li>\n<\/ul>\n\n\n\n<p>Seg\u00fan el material que utilicemos tendremos m\u00e1scaras de un solo uso o para reutilizar tantas veces queramos.<\/p>\n","protected":false},"excerpt":{"rendered":"<p>El PVC espumado o Forex, es un magn\u00edfico aliado. Con el podemos crear letras corp\u00f3reas en PVC as\u00ed como multitud de elementos para la rotulaci\u00f3n. Se pueden fabricar gran cantidad de elementos para decoraci\u00f3n, indicativos o mera publicidad utilizando el PVC o combin\u00e1ndolo con otros materiales como madera, metacrilato o dibond. El PVC montado sobre [&hellip;]<\/p>\n","protected":false},"author":1,"featured_media":613,"parent":409,"menu_order":0,"comment_status":"closed","ping_status":"closed","template":"","meta":{"_eb_attr":"","footnotes":""},"class_list":["post-610","page","type-page","status-publish","has-post-thumbnail","hentry"],"yoast_head":"<!-- This site is optimized with the Yoast SEO plugin v24.3 - https:\/\/yoast.com\/wordpress\/plugins\/seo\/ -->\n<title>LETRAS CORPOREAS EN PVC - Graficash<\/title>\n<meta name=\"description\" content=\"Los r\u00f3tulos corp\u00f3reos o letras corp\u00f3reas en PVC son una opci\u00f3n muy demandada para toda clase de negocios por su elegancia y vistosidad.\" \/>\n<meta name=\"robots\" content=\"index, follow, max-snippet:-1, max-image-preview:large, max-video-preview:-1\" \/>\n<link rel=\"canonical\" href=\"https:\/\/graficash.es\/index.php\/rotulos-corporeos-madrid\/letras-corporeas-en-pvc\/\" \/>\n<meta property=\"og:locale\" content=\"es_ES\" \/>\n<meta property=\"og:type\" content=\"article\" \/>\n<meta property=\"og:title\" content=\"LETRAS CORPOREAS EN PVC - Graficash\" \/>\n<meta property=\"og:description\" content=\"Los r\u00f3tulos corp\u00f3reos o letras corp\u00f3reas en PVC son una opci\u00f3n muy demandada para toda clase de negocios por su elegancia y vistosidad.\" \/>\n<meta property=\"og:url\" content=\"https:\/\/graficash.es\/index.php\/rotulos-corporeos-madrid\/letras-corporeas-en-pvc\/\" \/>\n<meta property=\"og:site_name\" content=\"Graficash\" \/>\n<meta property=\"article:publisher\" content=\"https:\/\/www.facebook.com\/groups\/5025826854186537\/\" \/>\n<meta property=\"article:modified_time\" content=\"2025-01-27T18:09:00+00:00\" \/>\n<meta property=\"og:image\" content=\"https:\/\/graficash.es\/wp-content\/uploads\/2025\/01\/pvc-retroiluminado-e1737998389394.png\" \/>\n\t<meta property=\"og:image:width\" content=\"300\" \/>\n\t<meta property=\"og:image:height\" content=\"212\" \/>\n\t<meta property=\"og:image:type\" content=\"image\/png\" \/>\n<meta name=\"twitter:card\" content=\"summary_large_image\" \/>\n<meta name=\"twitter:label1\" content=\"Tiempo de lectura\" \/>\n\t<meta name=\"twitter:data1\" content=\"3 minutos\" \/>\n<script type=\"application\/ld+json\" class=\"yoast-schema-graph\">{\"@context\":\"https:\/\/schema.org\",\"@graph\":[{\"@type\":\"WebPage\",\"@id\":\"https:\/\/graficash.es\/index.php\/rotulos-corporeos-madrid\/letras-corporeas-en-pvc\/\",\"url\":\"https:\/\/graficash.es\/index.php\/rotulos-corporeos-madrid\/letras-corporeas-en-pvc\/\",\"name\":\"LETRAS CORPOREAS EN PVC - Graficash\",\"isPartOf\":{\"@id\":\"https:\/\/graficash.es\/#website\"},\"primaryImageOfPage\":{\"@id\":\"https:\/\/graficash.es\/index.php\/rotulos-corporeos-madrid\/letras-corporeas-en-pvc\/#primaryimage\"},\"image\":{\"@id\":\"https:\/\/graficash.es\/index.php\/rotulos-corporeos-madrid\/letras-corporeas-en-pvc\/#primaryimage\"},\"thumbnailUrl\":\"https:\/\/graficash.es\/wp-content\/uploads\/2025\/01\/pvc-retroiluminado-e1737998389394.png\",\"datePublished\":\"2025-01-27T17:47:45+00:00\",\"dateModified\":\"2025-01-27T18:09:00+00:00\",\"description\":\"Los r\u00f3tulos corp\u00f3reos o letras corp\u00f3reas en PVC son una opci\u00f3n muy demandada para toda clase de negocios por su elegancia y vistosidad.\",\"breadcrumb\":{\"@id\":\"https:\/\/graficash.es\/index.php\/rotulos-corporeos-madrid\/letras-corporeas-en-pvc\/#breadcrumb\"},\"inLanguage\":\"es\",\"potentialAction\":[{\"@type\":\"ReadAction\",\"target\":[\"https:\/\/graficash.es\/index.php\/rotulos-corporeos-madrid\/letras-corporeas-en-pvc\/\"]}]},{\"@type\":\"ImageObject\",\"inLanguage\":\"es\",\"@id\":\"https:\/\/graficash.es\/index.php\/rotulos-corporeos-madrid\/letras-corporeas-en-pvc\/#primaryimage\",\"url\":\"https:\/\/graficash.es\/wp-content\/uploads\/2025\/01\/pvc-retroiluminado-e1737998389394.png\",\"contentUrl\":\"https:\/\/graficash.es\/wp-content\/uploads\/2025\/01\/pvc-retroiluminado-e1737998389394.png\",\"width\":300,\"height\":212,\"caption\":\"letras pvc con luz\"},{\"@type\":\"BreadcrumbList\",\"@id\":\"https:\/\/graficash.es\/index.php\/rotulos-corporeos-madrid\/letras-corporeas-en-pvc\/#breadcrumb\",\"itemListElement\":[{\"@type\":\"ListItem\",\"position\":1,\"name\":\"Portada\",\"item\":\"https:\/\/graficash.es\/\"},{\"@type\":\"ListItem\",\"position\":2,\"name\":\"ROTULOS CORPOREOS EN MADRID\",\"item\":\"https:\/\/graficash.es\/index.php\/rotulos-corporeos-madrid\/\"},{\"@type\":\"ListItem\",\"position\":3,\"name\":\"LETRAS CORPOREAS EN PVC\"}]},{\"@type\":\"WebSite\",\"@id\":\"https:\/\/graficash.es\/#website\",\"url\":\"https:\/\/graficash.es\/\",\"name\":\"Graficash\",\"description\":\"Rotulaci&oacute;n en Madrid\",\"publisher\":{\"@id\":\"https:\/\/graficash.es\/#organization\"},\"potentialAction\":[{\"@type\":\"SearchAction\",\"target\":{\"@type\":\"EntryPoint\",\"urlTemplate\":\"https:\/\/graficash.es\/?s={search_term_string}\"},\"query-input\":{\"@type\":\"PropertyValueSpecification\",\"valueRequired\":true,\"valueName\":\"search_term_string\"}}],\"inLanguage\":\"es\"},{\"@type\":\"Organization\",\"@id\":\"https:\/\/graficash.es\/#organization\",\"name\":\"Graficash Rotulaci\u00f3n\",\"url\":\"https:\/\/graficash.es\/\",\"logo\":{\"@type\":\"ImageObject\",\"inLanguage\":\"es\",\"@id\":\"https:\/\/graficash.es\/#\/schema\/logo\/image\/\",\"url\":\"https:\/\/graficash.es\/wp-content\/uploads\/2023\/06\/cropped-GRAFICASH-2.png\",\"contentUrl\":\"https:\/\/graficash.es\/wp-content\/uploads\/2023\/06\/cropped-GRAFICASH-2.png\",\"width\":155,\"height\":155,\"caption\":\"Graficash Rotulaci\u00f3n\"},\"image\":{\"@id\":\"https:\/\/graficash.es\/#\/schema\/logo\/image\/\"},\"sameAs\":[\"https:\/\/www.facebook.com\/groups\/5025826854186537\/\"]}]}<\/script>\n<!-- \/ Yoast SEO plugin. -->","yoast_head_json":{"title":"LETRAS CORPOREAS EN PVC - Graficash","description":"Los r\u00f3tulos corp\u00f3reos o letras corp\u00f3reas en PVC son una opci\u00f3n muy demandada para toda clase de negocios por su elegancia y vistosidad.","robots":{"index":"index","follow":"follow","max-snippet":"max-snippet:-1","max-image-preview":"max-image-preview:large","max-video-preview":"max-video-preview:-1"},"canonical":"https:\/\/graficash.es\/index.php\/rotulos-corporeos-madrid\/letras-corporeas-en-pvc\/","og_locale":"es_ES","og_type":"article","og_title":"LETRAS CORPOREAS EN PVC - Graficash","og_description":"Los r\u00f3tulos corp\u00f3reos o letras corp\u00f3reas en PVC son una opci\u00f3n muy demandada para toda clase de negocios por su elegancia y vistosidad.","og_url":"https:\/\/graficash.es\/index.php\/rotulos-corporeos-madrid\/letras-corporeas-en-pvc\/","og_site_name":"Graficash","article_publisher":"https:\/\/www.facebook.com\/groups\/5025826854186537\/","article_modified_time":"2025-01-27T18:09:00+00:00","og_image":[{"width":300,"height":212,"url":"https:\/\/graficash.es\/wp-content\/uploads\/2025\/01\/pvc-retroiluminado-e1737998389394.png","type":"image\/png"}],"twitter_card":"summary_large_image","twitter_misc":{"Tiempo de lectura":"3 minutos"},"schema":{"@context":"https:\/\/schema.org","@graph":[{"@type":"WebPage","@id":"https:\/\/graficash.es\/index.php\/rotulos-corporeos-madrid\/letras-corporeas-en-pvc\/","url":"https:\/\/graficash.es\/index.php\/rotulos-corporeos-madrid\/letras-corporeas-en-pvc\/","name":"LETRAS CORPOREAS EN PVC - Graficash","isPartOf":{"@id":"https:\/\/graficash.es\/#website"},"primaryImageOfPage":{"@id":"https:\/\/graficash.es\/index.php\/rotulos-corporeos-madrid\/letras-corporeas-en-pvc\/#primaryimage"},"image":{"@id":"https:\/\/graficash.es\/index.php\/rotulos-corporeos-madrid\/letras-corporeas-en-pvc\/#primaryimage"},"thumbnailUrl":"https:\/\/graficash.es\/wp-content\/uploads\/2025\/01\/pvc-retroiluminado-e1737998389394.png","datePublished":"2025-01-27T17:47:45+00:00","dateModified":"2025-01-27T18:09:00+00:00","description":"Los r\u00f3tulos corp\u00f3reos o letras corp\u00f3reas en PVC son una opci\u00f3n muy demandada para toda clase de negocios por su elegancia y vistosidad.","breadcrumb":{"@id":"https:\/\/graficash.es\/index.php\/rotulos-corporeos-madrid\/letras-corporeas-en-pvc\/#breadcrumb"},"inLanguage":"es","potentialAction":[{"@type":"ReadAction","target":["https:\/\/graficash.es\/index.php\/rotulos-corporeos-madrid\/letras-corporeas-en-pvc\/"]}]},{"@type":"ImageObject","inLanguage":"es","@id":"https:\/\/graficash.es\/index.php\/rotulos-corporeos-madrid\/letras-corporeas-en-pvc\/#primaryimage","url":"https:\/\/graficash.es\/wp-content\/uploads\/2025\/01\/pvc-retroiluminado-e1737998389394.png","contentUrl":"https:\/\/graficash.es\/wp-content\/uploads\/2025\/01\/pvc-retroiluminado-e1737998389394.png","width":300,"height":212,"caption":"letras pvc con luz"},{"@type":"BreadcrumbList","@id":"https:\/\/graficash.es\/index.php\/rotulos-corporeos-madrid\/letras-corporeas-en-pvc\/#breadcrumb","itemListElement":[{"@type":"ListItem","position":1,"name":"Portada","item":"https:\/\/graficash.es\/"},{"@type":"ListItem","position":2,"name":"ROTULOS CORPOREOS EN MADRID","item":"https:\/\/graficash.es\/index.php\/rotulos-corporeos-madrid\/"},{"@type":"ListItem","position":3,"name":"LETRAS CORPOREAS EN PVC"}]},{"@type":"WebSite","@id":"https:\/\/graficash.es\/#website","url":"https:\/\/graficash.es\/","name":"Graficash","description":"Rotulaci&oacute;n en Madrid","publisher":{"@id":"https:\/\/graficash.es\/#organization"},"potentialAction":[{"@type":"SearchAction","target":{"@type":"EntryPoint","urlTemplate":"https:\/\/graficash.es\/?s={search_term_string}"},"query-input":{"@type":"PropertyValueSpecification","valueRequired":true,"valueName":"search_term_string"}}],"inLanguage":"es"},{"@type":"Organization","@id":"https:\/\/graficash.es\/#organization","name":"Graficash Rotulaci\u00f3n","url":"https:\/\/graficash.es\/","logo":{"@type":"ImageObject","inLanguage":"es","@id":"https:\/\/graficash.es\/#\/schema\/logo\/image\/","url":"https:\/\/graficash.es\/wp-content\/uploads\/2023\/06\/cropped-GRAFICASH-2.png","contentUrl":"https:\/\/graficash.es\/wp-content\/uploads\/2023\/06\/cropped-GRAFICASH-2.png","width":155,"height":155,"caption":"Graficash Rotulaci\u00f3n"},"image":{"@id":"https:\/\/graficash.es\/#\/schema\/logo\/image\/"},"sameAs":["https:\/\/www.facebook.com\/groups\/5025826854186537\/"]}]}},"_links":{"self":[{"href":"https:\/\/graficash.es\/index.php\/wp-json\/wp\/v2\/pages\/610","targetHints":{"allow":["GET"]}}],"collection":[{"href":"https:\/\/graficash.es\/index.php\/wp-json\/wp\/v2\/pages"}],"about":[{"href":"https:\/\/graficash.es\/index.php\/wp-json\/wp\/v2\/types\/page"}],"author":[{"embeddable":true,"href":"https:\/\/graficash.es\/index.php\/wp-json\/wp\/v2\/users\/1"}],"replies":[{"embeddable":true,"href":"https:\/\/graficash.es\/index.php\/wp-json\/wp\/v2\/comments?post=610"}],"version-history":[{"count":0,"href":"https:\/\/graficash.es\/index.php\/wp-json\/wp\/v2\/pages\/610\/revisions"}],"up":[{"embeddable":true,"href":"https:\/\/graficash.es\/index.php\/wp-json\/wp\/v2\/pages\/409"}],"wp:featuredmedia":[{"embeddable":true,"href":"https:\/\/graficash.es\/index.php\/wp-json\/wp\/v2\/media\/613"}],"wp:attachment":[{"href":"https:\/\/graficash.es\/index.php\/wp-json\/wp\/v2\/media?parent=610"}],"curies":[{"name":"wp","href":"https:\/\/api.w.org\/{rel}","templated":true}]}}